{"id":2142,"date":"2025-08-07T00:19:37","date_gmt":"2025-08-07T04:19:37","guid":{"rendered":"https:\/\/slc.qc.ca\/student-resources\/"},"modified":"2026-04-08T15:02:01","modified_gmt":"2026-04-08T19:02:01","slug":"ressources-pour-etudiants","status":"publish","type":"page","link":"https:\/\/slc.qc.ca\/fr\/ressources-pour-etudiants\/","title":{"rendered":"Ressources pour les \u00e9tudiants"},"content":{"rendered":"    <section class=\"text-image-title-above || section \">\r\n        \r\n<span class=\"absolute top-0 left-0\" ><\/span>        <div class=\"wrapper || flex flex-col || lg:grid-col\">\r\n                            <h2 class=\"text-h2 || mb-12 [.page-template-template-careers_section:not(.section-dark)_&#038;]:text-secondary || lg:mb-16 lg:col-span-8 xl:col-span-6\">R\u00e9ussissez avec nous<\/h2>\r\n                                        <div class=\"max-lg:order-3 max-lg:mt-12 lg:col-span-6 lg:col-start-1 xl:col-start-1 xl:col-span-5\">\r\n                        <div class=\"thumbnail w-full rounded-corners\"\r\n        style=\"padding-bottom: 122.83950617284%\"\r\n    >\r\n\r\n\r\n    <img decoding=\"async\" width=\"1024\" height=\"1002\" data-src=\"https:\/\/slc.qc.ca\/wp-content\/uploads\/2025\/08\/6H2A2131E-scaled-e1754526019107-1024x1002.jpg\" class=\"rounded-corners lazyload\" alt=\"Image of the module text and image above\" data-srcset=\"https:\/\/slc.qc.ca\/wp-content\/uploads\/2025\/08\/6H2A2131E-scaled-e1754526019107-1024x1002.jpg 1024w, https:\/\/slc.qc.ca\/wp-content\/uploads\/2025\/08\/6H2A2131E-scaled-e1754526019107-1536x1503.jpg 1536w, https:\/\/slc.qc.ca\/wp-content\/uploads\/2025\/08\/6H2A2131E-scaled-e1754526019107-1400x1370.jpg 1400w, https:\/\/slc.qc.ca\/wp-content\/uploads\/2025\/08\/6H2A2131E-scaled-e1754526019107-640x626.jpg 640w, https:\/\/slc.qc.ca\/wp-content\/uploads\/2025\/08\/6H2A2131E-scaled-e1754526019107-480x470.jpg 480w, https:\/\/slc.qc.ca\/wp-content\/uploads\/2025\/08\/6H2A2131E-scaled-e1754526019107-350x342.jpg 350w, https:\/\/slc.qc.ca\/wp-content\/uploads\/2025\/08\/6H2A2131E-scaled-e1754526019107-150x147.jpg 150w, https:\/\/slc.qc.ca\/wp-content\/uploads\/2025\/08\/6H2A2131E-scaled-e1754526019107.jpg 1745w\" data-sizes=\"(max-width: 1024px) 100vw, 1024px\" src=\"data:image\/svg+xml;base64,PHN2ZyB3aWR0aD0iMSIgaGVpZ2h0PSIxIiB4bWxucz0iaHR0cDovL3d3dy53My5vcmcvMjAwMC9zdmciPjwvc3ZnPg==\" style=\"--smush-placeholder-width: 1024px; --smush-placeholder-aspect-ratio: 1024\/1002;\" \/>  <\/div>                <\/div>\r\n                        <div class=\"lg:col-start-7 xl:col-start-7 lg:col-span-6 xl:col-span-5\">\r\n                <div class=\"wysiwyg-container \">\r\n    <p>Le Plan de r\u00e9ussite de St. Lawrence t\u00e9moigne de notre engagement \u00e0 soutenir nos \u00e9tudiants, non seulement en classe, mais dans tous les aspects de leur vie coll\u00e9giale. Ce plan s\u2019articule autour de quatre axes principaux :<\/p>\n<p><strong>1. La r\u00e9ussite au-del\u00e0 des notes<\/strong><br \/>\nVotre d\u00e9finition de la r\u00e9ussite inclut-elle remporter un championnat, faire davantage de b\u00e9n\u00e9volat ou enfin \u00e9crire ce po\u00e8me? Nous reconnaissons que vos accomplissements vont bien au-del\u00e0 de vos \u00e9tudes.<\/p>\n<p><strong>2. Un c\u00e9gep plein de soutien<\/strong><br \/>\nNous voulons savoir ce que nos \u00e9tudiants accomplissent et comment ils y parviennent. Nous mettons en place des syst\u00e8mes qui nous aideront \u00e0 mieux y parvenir.<\/p>\n<p><strong>3. Suivi de la r\u00e9ussite \u00e0 l&rsquo;\u00e9chelle du c\u00e9gep<\/strong><br \/>\nNous nous effor\u00e7ons d&rsquo;offrir un excellent soutien scolaire aux \u00e9tudiants au-del\u00e0 de la salle de classe, afin que chacun puisse r\u00e9aliser son plein potentiel.<\/p>\n<p><strong>4. Une vie p\u00e9dagogique fructueuse et dynamique<\/strong><br \/>\nLe c\u0153ur du c\u00e9gep, ce sont les salles de classe. Nous travaillons donc plus que jamais pour rendre nos cours plus riches et enrichissants.<\/p>\n<p><a class=\"btn-primary red\" href=\"https:\/\/slc.qc.ca\/wp-content\/uploads\/2025\/12\/Student-Success-Plan-2022-2027.pdf\" target=\"\"> Plan de r\u00e9ussite <\/a><\/p>\n<\/div>            <\/div>\r\n        <\/div>\r\n    <\/section>\r\n\n\n    <section class=\"text-and-image-accordion || section different-background section-light\">\r\n        \r\n<span class=\"absolute top-0 left-0\" ><\/span>        <div class=\"wrapper || max-lg:flex max-lg:flex-col-reverse lg:grid-col\">\r\n\r\n            <div class=\"mt-16 || lg:mt-0 lg:col-span-5 lg:col-start-8\">\r\n                    <div class=\"thumbnail w-full rounded-corners\"\r\n        style=\"padding-bottom: 112.80864197531%\"\r\n    >\r\n\r\n\r\n    <img decoding=\"async\" width=\"1024\" height=\"683\" data-src=\"https:\/\/slc.qc.ca\/wp-content\/uploads\/2025\/08\/AR500751-2-1024x683.jpg\" class=\"rounded-corners lazyload\" alt=\"Accordion module image\" data-srcset=\"https:\/\/slc.qc.ca\/wp-content\/uploads\/2025\/08\/AR500751-2-1024x683.jpg 1024w, https:\/\/slc.qc.ca\/wp-content\/uploads\/2025\/08\/AR500751-2-1400x933.jpg 1400w, https:\/\/slc.qc.ca\/wp-content\/uploads\/2025\/08\/AR500751-2-640x427.jpg 640w, https:\/\/slc.qc.ca\/wp-content\/uploads\/2025\/08\/AR500751-2-480x320.jpg 480w, https:\/\/slc.qc.ca\/wp-content\/uploads\/2025\/08\/AR500751-2-350x233.jpg 350w, https:\/\/slc.qc.ca\/wp-content\/uploads\/2025\/08\/AR500751-2-150x100.jpg 150w\" data-sizes=\"(max-width: 1024px) 100vw, 1024px\" src=\"data:image\/svg+xml;base64,PHN2ZyB3aWR0aD0iMSIgaGVpZ2h0PSIxIiB4bWxucz0iaHR0cDovL3d3dy53My5vcmcvMjAwMC9zdmciPjwvc3ZnPg==\" style=\"--smush-placeholder-width: 1024px; --smush-placeholder-aspect-ratio: 1024\/683;\" \/>  <\/div>            <\/div>\r\n\r\n            <div class=\"content ||  lg:col-span-7 xl:col-span-6 lg:col-start-1 lg:row-start-1\">\r\n                                    <h2 class=\"text-h2 || mb-6\">Services aux \u00e9tudiants<\/h2>\r\n                <div class=\"wysiwyg-container \">\r\n    <p>Nos services sont l\u00e0 pour vous accompagner, au besoin, tout au long de vos \u00e9tudes coll\u00e9giales.<\/p>\n<\/div>\r\n                <div class=\"accordions-container mt-8 || lg:mt-10\">\r\n                    \r\n    <div class=\"accordion || js-accordion-parent accordion-section || border-b border-black\/20 [.section-dark_&#038;]:border-light\/20 first:border-t\">\r\n        <button aria-controls=\"accordion-answer-0\" aria-expanded=\"false\" class=\"js-accordion-trigger || group || appearance-none relative flex flex-col items-start py-8 w-full cursor-pointer || sm:flex-row sm:items-center sm:gap-x-6 2xl:gap-x-8\">\r\n            <h3 itemprop=\"name\" class=\"text-h5 || custom-transition text-left pr-16 group-hover:text-secondary || sm:pr-20\">\r\n                Conseil p\u00e9dagogique            <\/h3>\r\n            <div class=\"js-accordion-arrow || absolute right-0 top-1\/2 -translate-y-1\/2 flex items-center justify-center aspect-square w-8 transition duration-300 [&#038;_svg]:transition [&#038;_svg]:duration-300 [&#038;_path]:custom-transition [&#038;_rect]:custom-transition group-hover:[&#038;_path]:stroke-secondary group-hover:[&#038;_rect]:stroke-secondary [.section-dark_&#038;_path]:stroke-light [.section-dark_&#038;_rect]:stroke-light  || sm:h-10  sm:w-10\">\r\n                <svg width=\"40\" height=\"41\" viewBox=\"0 0 40 41\" fill=\"none\" xmlns=\"http:\/\/www.w3.org\/2000\/svg\">\r\n<path d=\"M14.5 18.5L20 23.5L25.5 18.5\" stroke=\"#202945\" stroke-width=\"2\" stroke-linecap=\"round\" stroke-linejoin=\"round\"\/>\r\n<rect opacity=\"0.3\" x=\"0.5\" y=\"1\" width=\"39\" height=\"39\" rx=\"19.5\" stroke=\"#202945\"\/>\r\n<\/svg>\r\n            <\/div>\r\n        <\/button>\r\n        <div class=\"js-accordion-answer || h-0 overflow-hidden\">\r\n                            <div class=\"wysiwyg-container || pb-8\">\r\n                    <p>Les conseillers p\u00e9dagogiques peuvent vous aider \u00e0 vous inscrire \u00e0 des cours et \u00e0 modifier votre horaire. Ils suivent \u00e9galement vos r\u00e9sultats scolaires et peuvent vous donner des conseils pour vous aider si vous rencontrez des difficult\u00e9s. Par exemple, si vous souhaitez \u00eatre jumel\u00e9 avec un tuteur ou d\u00e9velopper de nouvelles comp\u00e9tences d\u2019\u00e9tude, n\u2019h\u00e9sitez pas \u00e0 faire appel \u00e0 leurs services.<\/p>\n<p><a class=\"btn-primary red\" href=\"https:\/\/slc.qc.ca\/academic-support\/#academic-advising\" target=\"\">En savoir plus<\/a><\/p>\n                <\/div>\r\n                    <\/div>\r\n    <\/div>\r\n\r\n\r\n    <div class=\"accordion || js-accordion-parent accordion-section || border-b border-black\/20 [.section-dark_&#038;]:border-light\/20 first:border-t\">\r\n        <button aria-controls=\"accordion-answer-1\" aria-expanded=\"false\" class=\"js-accordion-trigger || group || appearance-none relative flex flex-col items-start py-8 w-full cursor-pointer || sm:flex-row sm:items-center sm:gap-x-6 2xl:gap-x-8\">\r\n            <h3 itemprop=\"name\" class=\"text-h5 || custom-transition text-left pr-16 group-hover:text-secondary || sm:pr-20\">\r\n                Conseil d&rsquo;orientation            <\/h3>\r\n            <div class=\"js-accordion-arrow || absolute right-0 top-1\/2 -translate-y-1\/2 flex items-center justify-center aspect-square w-8 transition duration-300 [&#038;_svg]:transition [&#038;_svg]:duration-300 [&#038;_path]:custom-transition [&#038;_rect]:custom-transition group-hover:[&#038;_path]:stroke-secondary group-hover:[&#038;_rect]:stroke-secondary [.section-dark_&#038;_path]:stroke-light [.section-dark_&#038;_rect]:stroke-light  || sm:h-10  sm:w-10\">\r\n                <svg width=\"40\" height=\"41\" viewBox=\"0 0 40 41\" fill=\"none\" xmlns=\"http:\/\/www.w3.org\/2000\/svg\">\r\n<path d=\"M14.5 18.5L20 23.5L25.5 18.5\" stroke=\"#202945\" stroke-width=\"2\" stroke-linecap=\"round\" stroke-linejoin=\"round\"\/>\r\n<rect opacity=\"0.3\" x=\"0.5\" y=\"1\" width=\"39\" height=\"39\" rx=\"19.5\" stroke=\"#202945\"\/>\r\n<\/svg>\r\n            <\/div>\r\n        <\/button>\r\n        <div class=\"js-accordion-answer || h-0 overflow-hidden\">\r\n                            <div class=\"wysiwyg-container || pb-8\">\r\n                    <p>Notre conseill\u00e8re d\u2019orientation est l\u00e0 pour vous accompagner tout au long de vos \u00e9tudes au c\u00e9gep, en fonction de l\u2019\u00e9volution de vos besoins. Elle peut vous aider \u00e0 r\u00e9fl\u00e9chir \u00e0 vos int\u00e9r\u00eats, et \u00e0 vous guider dans vos choix de parcours scolaire et de cheminement de carri\u00e8re. Elle peut \u00e9galement vous diriger vers des ressources qui vous permettront d\u2019explorer les diff\u00e9rentes possibilit\u00e9s qui s\u2019offrent \u00e0 vous pour votre avenir.<\/p>\n<p><a class=\"btn-primary red\" href=\"https:\/\/slc.qc.ca\/career-guidance-counselling\/\" target=\"\">En savoir plus<\/a><\/p>\n                <\/div>\r\n                    <\/div>\r\n    <\/div>\r\n\r\n\r\n    <div class=\"accordion || js-accordion-parent accordion-section || border-b border-black\/20 [.section-dark_&#038;]:border-light\/20 first:border-t\">\r\n        <button aria-controls=\"accordion-answer-2\" aria-expanded=\"false\" class=\"js-accordion-trigger || group || appearance-none relative flex flex-col items-start py-8 w-full cursor-pointer || sm:flex-row sm:items-center sm:gap-x-6 2xl:gap-x-8\">\r\n            <h3 itemprop=\"name\" class=\"text-h5 || custom-transition text-left pr-16 group-hover:text-secondary || sm:pr-20\">\r\n                Services adapt\u00e9s            <\/h3>\r\n            <div class=\"js-accordion-arrow || absolute right-0 top-1\/2 -translate-y-1\/2 flex items-center justify-center aspect-square w-8 transition duration-300 [&#038;_svg]:transition [&#038;_svg]:duration-300 [&#038;_path]:custom-transition [&#038;_rect]:custom-transition group-hover:[&#038;_path]:stroke-secondary group-hover:[&#038;_rect]:stroke-secondary [.section-dark_&#038;_path]:stroke-light [.section-dark_&#038;_rect]:stroke-light  || sm:h-10  sm:w-10\">\r\n                <svg width=\"40\" height=\"41\" viewBox=\"0 0 40 41\" fill=\"none\" xmlns=\"http:\/\/www.w3.org\/2000\/svg\">\r\n<path d=\"M14.5 18.5L20 23.5L25.5 18.5\" stroke=\"#202945\" stroke-width=\"2\" stroke-linecap=\"round\" stroke-linejoin=\"round\"\/>\r\n<rect opacity=\"0.3\" x=\"0.5\" y=\"1\" width=\"39\" height=\"39\" rx=\"19.5\" stroke=\"#202945\"\/>\r\n<\/svg>\r\n            <\/div>\r\n        <\/button>\r\n        <div class=\"js-accordion-answer || h-0 overflow-hidden\">\r\n                            <div class=\"wysiwyg-container || pb-8\">\r\n                    <p>Si vous avez besoin d\u2019accommodements ou d\u2019un soutien particulier en raison d\u2019un trouble d\u2019apprentissage, d\u2019un enjeu de sant\u00e9 mentale, d\u2019une limitation physique ou de tout autre besoin particulier, les Services adapt\u00e9s sont l\u00e0 pour vous accompagner. Ils peuvent vous rencontrer afin d\u2019\u00e9valuer vos besoins et vous offrir un soutien personnalis\u00e9.<\/p>\n<p><a class=\"btn-primary red\" href=\"https:\/\/slc.qc.ca\/fr\/soutien-academique\/\">En savoir plus<\/a><\/p>\n                <\/div>\r\n                    <\/div>\r\n    <\/div>\r\n\r\n\r\n    <div class=\"accordion || js-accordion-parent accordion-section || border-b border-black\/20 [.section-dark_&#038;]:border-light\/20 first:border-t\">\r\n        <button aria-controls=\"accordion-answer-3\" aria-expanded=\"false\" class=\"js-accordion-trigger || group || appearance-none relative flex flex-col items-start py-8 w-full cursor-pointer || sm:flex-row sm:items-center sm:gap-x-6 2xl:gap-x-8\">\r\n            <h3 itemprop=\"name\" class=\"text-h5 || custom-transition text-left pr-16 group-hover:text-secondary || sm:pr-20\">\r\n                Services de bien-\u00eatre            <\/h3>\r\n            <div class=\"js-accordion-arrow || absolute right-0 top-1\/2 -translate-y-1\/2 flex items-center justify-center aspect-square w-8 transition duration-300 [&#038;_svg]:transition [&#038;_svg]:duration-300 [&#038;_path]:custom-transition [&#038;_rect]:custom-transition group-hover:[&#038;_path]:stroke-secondary group-hover:[&#038;_rect]:stroke-secondary [.section-dark_&#038;_path]:stroke-light [.section-dark_&#038;_rect]:stroke-light  || sm:h-10  sm:w-10\">\r\n                <svg width=\"40\" height=\"41\" viewBox=\"0 0 40 41\" fill=\"none\" xmlns=\"http:\/\/www.w3.org\/2000\/svg\">\r\n<path d=\"M14.5 18.5L20 23.5L25.5 18.5\" stroke=\"#202945\" stroke-width=\"2\" stroke-linecap=\"round\" stroke-linejoin=\"round\"\/>\r\n<rect opacity=\"0.3\" x=\"0.5\" y=\"1\" width=\"39\" height=\"39\" rx=\"19.5\" stroke=\"#202945\"\/>\r\n<\/svg>\r\n            <\/div>\r\n        <\/button>\r\n        <div class=\"js-accordion-answer || h-0 overflow-hidden\">\r\n                            <div class=\"wysiwyg-container || pb-8\">\r\n                    <p>Si vous traversez des difficult\u00e9s familiales ou relationnelles, si vous vous posez des questions sur votre identit\u00e9 ou vivez des enjeux li\u00e9s \u00e0 la sant\u00e9 mentale, vous pouvez rencontrer la travailleuse sociale. Elle est \u00e9galement responsable de projets visant \u00e0 promouvoir le bien-\u00eatre au sein de la communaut\u00e9 de St. Lawrence, comme la zooth\u00e9rapie ou le nouveau programme <em data-start=\"509\" data-end=\"522\">Pathfinders<\/em>. Ce dernier vous permet de rencontrer des \u00e9tudiants des ann\u00e9es sup\u00e9rieures pour leur poser vos questions sur la vie coll\u00e9giale.<\/p>\n<p><a class=\"btn-primary red\" href=\"https:\/\/slc.qc.ca\/health-wellness\/\" target=\"\">En savoir plus<\/a><\/p>\n                <\/div>\r\n                    <\/div>\r\n    <\/div>\r\n\r\n\r\n    <div class=\"accordion || js-accordion-parent accordion-section || border-b border-black\/20 [.section-dark_&#038;]:border-light\/20 first:border-t\">\r\n        <button aria-controls=\"accordion-answer-4\" aria-expanded=\"false\" class=\"js-accordion-trigger || group || appearance-none relative flex flex-col items-start py-8 w-full cursor-pointer || sm:flex-row sm:items-center sm:gap-x-6 2xl:gap-x-8\">\r\n            <h3 itemprop=\"name\" class=\"text-h5 || custom-transition text-left pr-16 group-hover:text-secondary || sm:pr-20\">\r\n                Soutien aux athl\u00e8tes d\u2019\u00e9lite            <\/h3>\r\n            <div class=\"js-accordion-arrow || absolute right-0 top-1\/2 -translate-y-1\/2 flex items-center justify-center aspect-square w-8 transition duration-300 [&#038;_svg]:transition [&#038;_svg]:duration-300 [&#038;_path]:custom-transition [&#038;_rect]:custom-transition group-hover:[&#038;_path]:stroke-secondary group-hover:[&#038;_rect]:stroke-secondary [.section-dark_&#038;_path]:stroke-light [.section-dark_&#038;_rect]:stroke-light  || sm:h-10  sm:w-10\">\r\n                <svg width=\"40\" height=\"41\" viewBox=\"0 0 40 41\" fill=\"none\" xmlns=\"http:\/\/www.w3.org\/2000\/svg\">\r\n<path d=\"M14.5 18.5L20 23.5L25.5 18.5\" stroke=\"#202945\" stroke-width=\"2\" stroke-linecap=\"round\" stroke-linejoin=\"round\"\/>\r\n<rect opacity=\"0.3\" x=\"0.5\" y=\"1\" width=\"39\" height=\"39\" rx=\"19.5\" stroke=\"#202945\"\/>\r\n<\/svg>\r\n            <\/div>\r\n        <\/button>\r\n        <div class=\"js-accordion-answer || h-0 overflow-hidden\">\r\n                            <div class=\"wysiwyg-container || pb-8\">\r\n                    <p>Si vous vous entra\u00eenez au moins 8 heures par semaine dans un sport hors campus, nous pouvons vous offrir un accompagnement pour vous aider \u00e0 concilier vos engagements sportifs et vos \u00e9tudes. Ce soutien peut inclure une charge de cours all\u00e9g\u00e9e, des absences justifi\u00e9es, une priorit\u00e9 d&rsquo;inscription, ainsi qu&rsquo;un acc\u00e8s \u00e0 un cours d\u2019excellence sportive (\u00e9galement offert aux athl\u00e8tes Division 1 des Lions). Notre conseiller p\u00e9dagogique s\u2019assurera que vous disposez des ressources n\u00e9cessaires pour r\u00e9ussir tant sur le plan scolaire que sportif.<\/p>\n<p><a class=\"btn-primary red\" href=\"https:\/\/slc.qc.ca\/academic-support\/#elite-athlete-services\" target=\"\">En savoir plus<\/a><\/p>\n                <\/div>\r\n                    <\/div>\r\n    <\/div>\r\n\r\n                <\/div>\r\n            <\/div>\r\n        <\/div>\r\n    <\/section>\r\n\n\n    <section class=\"text-and-image || section \">\r\n        \r\n<span class=\"absolute top-0 left-0\" ><\/span>        <div class=\"wrapper || md:grid-col md:items-center\">\r\n            <div class=\"content || md:col-start-7 xl:col-start-7 md:col-span-6 md:row-start-1 xl:col-span-5\">\r\n                                    <h2 class=\"text-h2 || mb-8 [.page-template-template-careers_&#038;]:text-secondary\">Les Pathfinders<\/h2>\r\n                <div class=\"wysiwyg-container \">\r\n    <p>Besoin de parler \u00e0 quelqu\u2019un ou de savoir o\u00f9 trouver de l\u2019aide ? Passez au kiosque <em data-start=\"158\" data-end=\"175\">Ask Me Anything<\/em> et venez rencontrer les <em>Pathfinders<\/em>! Cette \u00e9quipe d\u2019\u00e9tudiants de deuxi\u00e8me et troisi\u00e8me ann\u00e9e, form\u00e9s en premiers soins et en sant\u00e9 mentale, conna\u00eet parfaitement St. Lawrence et peut vous orienter vers les informations dont vous avez besoin. Leur kiosque, situ\u00e9 \u00e0 l\u2019entr\u00e9e B, est ouvert de 10 h \u00e0 14 h du lundi au vendredi. Venez poser vos questions, prendre une collation ou relaxer dans leur salle calme et accueillante.<\/p>\n<\/div>            <\/div>\r\n            <div class=\"md:col-start-1 lg:col-start-2 mt-8 || aspect-[201\/234] relative || [mask-image:url(..\/assets\/svg\/image-mask-bottom.svg)] [mask-repeat:no-repeat] [mask-size:cover] [mask-position:bottom] || md:mt-0 md:col-span-5 md:row-start-1 xl:col-span-4\">\r\n                <img decoding=\"async\" width=\"1024\" height=\"683\" data-src=\"https:\/\/slc.qc.ca\/wp-content\/uploads\/2025\/08\/6H2A6949-1024x683.jpg\" class=\"w-full h-full  object-cover lazyload\" alt=\"Module image\" data-srcset=\"https:\/\/slc.qc.ca\/wp-content\/uploads\/2025\/08\/6H2A6949-1024x683.jpg 1024w, https:\/\/slc.qc.ca\/wp-content\/uploads\/2025\/08\/6H2A6949-1536x1024.jpg 1536w, https:\/\/slc.qc.ca\/wp-content\/uploads\/2025\/08\/6H2A6949-2048x1365.jpg 2048w, https:\/\/slc.qc.ca\/wp-content\/uploads\/2025\/08\/6H2A6949-1920x1280.jpg 1920w, https:\/\/slc.qc.ca\/wp-content\/uploads\/2025\/08\/6H2A6949-1400x933.jpg 1400w, https:\/\/slc.qc.ca\/wp-content\/uploads\/2025\/08\/6H2A6949-640x427.jpg 640w, https:\/\/slc.qc.ca\/wp-content\/uploads\/2025\/08\/6H2A6949-480x320.jpg 480w, https:\/\/slc.qc.ca\/wp-content\/uploads\/2025\/08\/6H2A6949-350x233.jpg 350w, https:\/\/slc.qc.ca\/wp-content\/uploads\/2025\/08\/6H2A6949-150x100.jpg 150w\" data-sizes=\"(max-width: 1024px) 100vw, 1024px\" src=\"data:image\/svg+xml;base64,PHN2ZyB3aWR0aD0iMSIgaGVpZ2h0PSIxIiB4bWxucz0iaHR0cDovL3d3dy53My5vcmcvMjAwMC9zdmciPjwvc3ZnPg==\" style=\"--smush-placeholder-width: 1024px; --smush-placeholder-aspect-ratio: 1024\/683;\" \/>            <\/div>\r\n        <\/div>\r\n    <\/section>\r\n\n\n    <section class=\"cta-banner || section different-background || relative !py-0 overflow-hidden bg-secondary text-light\">\r\n        \r\n<span class=\"absolute top-0 left-0\" ><\/span>                <div class=\"wrapper || [position:initial] || md:grid-col md:items-center md:min-h-[25rem] lg:min-h-[34.375rem] xl:min-h-[43.75rem]\">\r\n            <div class=\"md:col-span-5 lg:col-span-6 \">\r\n                <div class=\"absolute left-0 top-0 w-1\/2 h-full flex items-center z-20 || md:w-[36.5%]\">\r\n                                            <span class=\"custom-transition [&#038;_svg]:w-full\">\r\n                            <svg width=\"729\" height=\"550\" viewBox=\"0 0 729 550\" fill=\"none\" opacity=\"0.15\" xmlns=\"http:\/\/www.w3.org\/2000\/svg\">\r\n<g clip-path=\"url(#clip0_3262_6905)\">\r\n<path d=\"M578.374 173.956C563.805 179.42 550.146 187.452 538.113 197.632C527.738 206.542 518.437 215.843 509.527 224.949C497.689 236.625 487.835 246.251 476.745 254.479C451.248 273.601 423.378 283.813 392.385 283.813H347.766V318.611H394.206C432.484 318.611 466.176 305.862 497.494 282.545C510.437 272.886 521.722 261.764 534.113 249.568C542.666 241.015 551.414 232.072 560.715 224.234C574.927 212.201 591.675 204.363 609.529 201.111L578.374 173.956Z\" fill=\"#202945\"\/>\r\n<path d=\"M389.782 63.9372C400.709 55.5467 408.742 46.083 418.563 35.8713L392.318 13.1064C383.928 21.8547 377.749 29.3346 369.001 35.8713C362.074 40.9772 354.984 43.5138 347.699 47.3514V85.9866C362.269 80.1653 376.285 73.9538 389.782 63.9372Z\" fill=\"#202945\"\/>\r\n<path d=\"M426.595 133.89C439.18 123.873 450.27 112.589 462.498 100.198C467.051 95.4498 470.498 91.8075 478.173 87.2545L451.408 64.1318C446.14 66.6685 441.554 71.7743 437.392 76.1647C425.716 88.0025 416.253 97.8564 405.131 106.214C383.439 123.353 370.886 129.337 347.73 130.996V165.793C380.349 164.167 398.203 155.939 426.627 133.923L426.595 133.89Z\" fill=\"#202945\"\/>\r\n<path d=\"M567.803 374.19L554.859 382.938L539.379 394.418L636.845 514.487L611.153 514.682L548.843 461.477L464.84 389.702L461.003 386.418C488.32 380.954 514.207 369.669 537.883 351.978C552.095 341.213 564.29 329.018 576.128 317.18C584.876 308.627 593.072 300.432 601.82 292.952C618.048 279.293 645.561 267.975 666.505 267.975H686.733L651.577 237.73C625.528 239.194 599.641 249.21 579.413 266.349C569.591 274.74 560.453 283.846 551.705 292.594C540.062 304.074 529.297 314.806 516.907 324.107C487.573 345.961 456.059 356.173 419.993 355.458H128.115L50.8767 440.371H-34.3941L-80.3142 514.519H-116.38L-53.5167 407.589C-28.5728 405.215 -5.41768 394.093 10.2576 376.792C20.4693 365.864 41.2178 331.782 49.4132 283.52H14.0626C9.6722 305.017 1.31422 335.457 -15.2716 353.311C-26.9143 366.059 -44.6058 373.344 -63.7283 373.344H-73.5823L-177 549.284H-60.9315L-15.0115 475.136H64.6006L141.839 390.223H411.473L596.942 548.374L598.405 549.642L709.53 549.089L580.714 389.67L567.77 374.19H567.803Z\" fill=\"#202945\"\/>\r\n<path d=\"M422.952 443.981L363.373 515.203H342.071L388.707 436.501L394.886 424.858H354.982L283.565 548.017L282.492 550H381.422L450.27 467.299L424.057 444.696L422.952 443.981Z\" fill=\"#202945\"\/>\r\n<path d=\"M171.337 424.857H156.052L140.734 441.801L140.181 442.321L187.923 514.486H159.694L116.864 469.672L116.148 468.924L92.993 494.453L92.4727 494.973L142.913 548.178L144.214 549.642H253.518L177.906 435.232L171.337 424.857Z\" fill=\"#202945\"\/>\r\n<path d=\"M562.209 55.9036V78.2782L591.901 101.043V55.9036H698.408V96.165L681.659 93.7909H655.805C643.414 93.7909 632.487 98.7016 624.292 106.734C616.259 114.735 611.348 126.052 611.348 138.247C611.348 162.834 631.219 182.704 655.805 182.704H698.798V211.258L728.327 237.665V153.565H655.447C647.252 153.565 640.682 146.996 640.682 138.8C640.682 130.605 647.252 124.036 655.447 124.036H676.586L698.44 127.873L728.49 132.979V27.48H507.508L478.141 0.162109H431.863L494.532 55.9036H562.176H562.209Z\" fill=\"#202945\"\/>\r\n<path d=\"M540.094 141.012C532.81 144.655 526.436 148.85 520.094 154.314C510.955 162.119 501.134 170.509 492.548 178.9C480.385 191.323 472.353 201.307 458.694 212.071C428.807 235.552 390.529 242.316 353.39 242.869H347.731L259.468 243.064H-94.656C-132.771 243.064 -165.13 211.876 -164.414 173.794C-163.699 136.85 -133.389 107.125 -96.5097 107.125H168.344C186.003 107.125 200.605 92.7182 200.605 74.8965C200.605 50.6682 186.003 36.2612 168.344 36.2612H4.40385L-37.4836 0H168.376C206.361 0 237.094 32.6839 236.313 76.4901C235.663 113.434 204.995 142.801 168.051 142.801H-96.5097C-114.169 142.801 -128.576 157.208 -128.576 175.062C-128.576 185.762 -123.307 195.225 -115.274 201.079C-109.843 205.014 -103.112 206.803 -96.3796 206.803H351.178C383.407 207.518 411.668 200.591 437.717 181.079C448.84 172.883 457.783 163.224 469.035 151.744C478.174 142.801 486.499 133.923 498.174 124.622C502.923 120.752 506.207 118.573 510.728 115.678L540.062 141.012H540.094Z\" fill=\"#202945\"\/>\r\n<\/g>\r\n<defs>\r\n<clipPath id=\"clip0_3262_6905\">\r\n<rect width=\"905.49\" height=\"550\" fill=\"white\" transform=\"translate(-177)\"\/>\r\n<\/clipPath>\r\n<\/defs>\r\n<\/svg>\r\n                        <\/span>\r\n                                    <\/div>\r\n            <\/div>\r\n            <div class=\"relative z-30 py-20 || md:col-span-7 md:col-start-6 lg:col-span-6 lg:col-start-7\">\r\n                <h2 class=\"text-h2\">Pr\u00eat \u00e0 poursuivre vos \u00e9tudes \u00e0 St. Lawrence ?<\/h2>\r\n                                            <\/div>\r\n        <\/div>\r\n        <div class=\"relative z-20 || md:hidden\">\r\n                    <\/div>\r\n    <\/section>\r\n","protected":false},"excerpt":{"rendered":"","protected":false},"author":1,"featured_media":1806,"parent":0,"menu_order":0,"comment_status":"closed","ping_status":"closed","template":"","meta":{"_acf_changed":true,"footnotes":""},"class_list":["post-2142","page","type-page","status-publish","has-post-thumbnail","hentry"],"acf":[],"_links":{"self":[{"href":"https:\/\/slc.qc.ca\/fr\/wp-json\/wp\/v2\/pages\/2142","targetHints":{"allow":["GET"]}}],"collection":[{"href":"https:\/\/slc.qc.ca\/fr\/wp-json\/wp\/v2\/pages"}],"about":[{"href":"https:\/\/slc.qc.ca\/fr\/wp-json\/wp\/v2\/types\/page"}],"author":[{"embeddable":true,"href":"https:\/\/slc.qc.ca\/fr\/wp-json\/wp\/v2\/users\/1"}],"replies":[{"embeddable":true,"href":"https:\/\/slc.qc.ca\/fr\/wp-json\/wp\/v2\/comments?post=2142"}],"version-history":[{"count":0,"href":"https:\/\/slc.qc.ca\/fr\/wp-json\/wp\/v2\/pages\/2142\/revisions"}],"wp:featuredmedia":[{"embeddable":true,"href":"https:\/\/slc.qc.ca\/fr\/wp-json\/wp\/v2\/media\/1806"}],"wp:attachment":[{"href":"https:\/\/slc.qc.ca\/fr\/wp-json\/wp\/v2\/media?parent=2142"}],"curies":[{"name":"wp","href":"https:\/\/api.w.org\/{rel}","templated":true}]}}