{"id":2141,"date":"2025-08-07T00:30:34","date_gmt":"2025-08-07T04:30:34","guid":{"rendered":"https:\/\/slc.qc.ca\/career-guidance-counselling\/"},"modified":"2026-04-08T11:47:28","modified_gmt":"2026-04-08T15:47:28","slug":"conseil-orientation","status":"publish","type":"page","link":"https:\/\/slc.qc.ca\/fr\/conseil-orientation\/","title":{"rendered":"Service d&rsquo;orientation"},"content":{"rendered":"    <section class=\"text-and-image-repeater || section \">\r\n        \r\n<span class=\"absolute top-0 left-0\" ><\/span>        <div class=\"wrapper\">\r\n                        <div class=\"[counter-reset:card-text-image]\">\r\n                <div class=\"card-text-image || [counter-increment:card-text-image] border-black\/30 border-b first:border-t py-8 flex flex-col-reverse items-center || md:py-12 md:grid-col\">\r\n        <div class=\"thumbnail w-full rounded-corners || md:col-span-5 lg:col-span-4\"\r\n        style=\"padding-bottom: 66.6015625%\"\r\n    >\r\n\r\n\r\n    <img decoding=\"async\" width=\"640\" height=\"427\" data-src=\"https:\/\/slc.qc.ca\/wp-content\/uploads\/2025\/08\/66bda7ac-e05c-43a7-b314-f14ccf45fc3d-640x427.jpg\" class=\"rounded-corners || md:col-span-5 lg:col-span-4 lazyload\" alt=\"Image of the module text and image repeater\" data-srcset=\"https:\/\/slc.qc.ca\/wp-content\/uploads\/2025\/08\/66bda7ac-e05c-43a7-b314-f14ccf45fc3d-640x427.jpg 640w, https:\/\/slc.qc.ca\/wp-content\/uploads\/2025\/08\/66bda7ac-e05c-43a7-b314-f14ccf45fc3d-1024x682.jpg 1024w, https:\/\/slc.qc.ca\/wp-content\/uploads\/2025\/08\/66bda7ac-e05c-43a7-b314-f14ccf45fc3d-480x320.jpg 480w, https:\/\/slc.qc.ca\/wp-content\/uploads\/2025\/08\/66bda7ac-e05c-43a7-b314-f14ccf45fc3d-350x233.jpg 350w, https:\/\/slc.qc.ca\/wp-content\/uploads\/2025\/08\/66bda7ac-e05c-43a7-b314-f14ccf45fc3d-150x100.jpg 150w, https:\/\/slc.qc.ca\/wp-content\/uploads\/2025\/08\/66bda7ac-e05c-43a7-b314-f14ccf45fc3d.jpg 1280w\" data-sizes=\"(max-width: 640px) 100vw, 640px\" src=\"data:image\/svg+xml;base64,PHN2ZyB3aWR0aD0iMSIgaGVpZ2h0PSIxIiB4bWxucz0iaHR0cDovL3d3dy53My5vcmcvMjAwMC9zdmciPjwvc3ZnPg==\" style=\"--smush-placeholder-width: 640px; --smush-placeholder-aspect-ratio: 640\/427;\" \/>  <\/div>    <div class=\"mb-6 || md:col-start-6 xl:col-start-7  md:mb-0 md:col-span-7 xl:col-span-6\">\r\n        <div class=\"flex mb-6 items-baseline gap-4\">\r\n            <span class=\"surtitle || text-secondary [.page-template-template-bloom_&#038;]:text-accentBloom before:content-[counter(card-text-image,decimal-leading-zero)'.']\"><\/span>\r\n                            <h3 class=\"text-h3\"> Pourquoi rencontrer la conseill\u00e8re d\u2019orientation ?<\/h3>\r\n                    <\/div>\r\n        <div class=\"wysiwyg-container \">\r\n    <p data-start=\"165\" data-end=\"491\">Au c\u00e9gep, les \u00e9tudiants doivent prendre des d\u00e9cisions importantes concernant leur avenir professionnel, ce qui repr\u00e9sente souvent une source de stress consid\u00e9rable. La construction d\u2019un parcours professionnel ne repose pas sur un choix unique et d\u00e9finitif, mais sur une s\u00e9rie de d\u00e9cisions prises graduellement au fil du temps.<\/p>\n<p data-start=\"493\" data-end=\"822\">Leur vision d\u2019eux-m\u00eames \u00e9volue constamment, influenc\u00e9e par leurs exp\u00e9riences, leurs apprentissages et les personnes qu\u2019ils rencontrent. Il est donc essentiel d&rsquo;offrir aux \u00e9tudiants l\u2019espace et le soutien n\u00e9cessaires pour explorer diff\u00e9rentes possibilit\u00e9s et mieux comprendre ce qu\u2019ils recherchent afin qu&rsquo;ils puissent prendre des d\u00e9cisions \u00e9clair\u00e9es.<\/p>\n<p data-start=\"824\" data-end=\"943\">Avoir des doutes fait naturellement partie de ce processus : c\u2019est un signe de r\u00e9flexion, d\u2019ouverture et de croissance.<\/p>\n<\/div>    <\/div>\r\n<\/div><div class=\"card-text-image || [counter-increment:card-text-image] border-black\/30 border-b first:border-t py-8 flex flex-col-reverse items-center || md:py-12 md:grid-col\">\r\n        <div class=\"thumbnail w-full rounded-corners || md:col-span-5 lg:col-span-4\"\r\n        style=\"padding-bottom: 66.6015625%\"\r\n    >\r\n\r\n\r\n    <img decoding=\"async\" width=\"640\" height=\"960\" data-src=\"https:\/\/slc.qc.ca\/wp-content\/uploads\/2025\/08\/1030b8b1-ee15-49b3-be4e-6f3a14f24639-640x960.jpg\" class=\"rounded-corners || md:col-span-5 lg:col-span-4 lazyload\" alt=\"Image of the module text and image repeater\" data-srcset=\"https:\/\/slc.qc.ca\/wp-content\/uploads\/2025\/08\/1030b8b1-ee15-49b3-be4e-6f3a14f24639-640x960.jpg 640w, https:\/\/slc.qc.ca\/wp-content\/uploads\/2025\/08\/1030b8b1-ee15-49b3-be4e-6f3a14f24639-480x720.jpg 480w, https:\/\/slc.qc.ca\/wp-content\/uploads\/2025\/08\/1030b8b1-ee15-49b3-be4e-6f3a14f24639-350x525.jpg 350w, https:\/\/slc.qc.ca\/wp-content\/uploads\/2025\/08\/1030b8b1-ee15-49b3-be4e-6f3a14f24639-150x225.jpg 150w, https:\/\/slc.qc.ca\/wp-content\/uploads\/2025\/08\/1030b8b1-ee15-49b3-be4e-6f3a14f24639.jpg 853w\" data-sizes=\"(max-width: 640px) 100vw, 640px\" src=\"data:image\/svg+xml;base64,PHN2ZyB3aWR0aD0iMSIgaGVpZ2h0PSIxIiB4bWxucz0iaHR0cDovL3d3dy53My5vcmcvMjAwMC9zdmciPjwvc3ZnPg==\" style=\"--smush-placeholder-width: 640px; --smush-placeholder-aspect-ratio: 640\/960;\" \/>  <\/div>    <div class=\"mb-6 || md:col-start-6 xl:col-start-7  md:mb-0 md:col-span-7 xl:col-span-6\">\r\n        <div class=\"flex mb-6 items-baseline gap-4\">\r\n            <span class=\"surtitle || text-secondary [.page-template-template-bloom_&#038;]:text-accentBloom before:content-[counter(card-text-image,decimal-leading-zero)'.']\"><\/span>\r\n                            <h3 class=\"text-h3\"> Services<\/h3>\r\n                    <\/div>\r\n        <div class=\"wysiwyg-container \">\r\n    <p>Notre conseill\u00e8re d\u2019orientation, Nicole Anne Daigle, est bilingue et offre ses services en anglais et en fran\u00e7ais. Elle est la personne \u00e0 consulter si vous voulez discuter de votre parcours scolaire ou professionnel. Sa porte est toujours ouverte !<\/p>\n<ul>\n<li><strong>D\u00e9cisions \u00e9ducatives et professionnelles<\/strong> (admissions, choix de programme, cours pr\u00e9alables, information sur la cote R, carri\u00e8res, exp\u00e9riences de travail, information sur le march\u00e9 du travail, etc.)<\/li>\n<li><strong>Auto\u00e9valuation et r\u00e9flexion<\/strong> (comp\u00e9tences, traits de personnalit\u00e9, valeurs, int\u00e9r\u00eats, objectifs, strat\u00e9gies de prise de d\u00e9cision)<\/li>\n<li><strong>Transitions<\/strong> (g\u00e9rer avec l\u2019incertitude, changement de programme, exploration de nouvelles possibilit\u00e9s)<\/li>\n<\/ul>\n<\/div>    <\/div>\r\n<\/div><div class=\"card-text-image || [counter-increment:card-text-image] border-black\/30 border-b first:border-t py-8 flex flex-col-reverse items-center || md:py-12 md:grid-col\">\r\n        <div class=\"thumbnail w-full rounded-corners || md:col-span-5 lg:col-span-4\"\r\n        style=\"padding-bottom: 66.6015625%\"\r\n    >\r\n\r\n\r\n    <img decoding=\"async\" width=\"640\" height=\"427\" data-src=\"https:\/\/slc.qc.ca\/wp-content\/uploads\/2025\/08\/6H2A1557-640x427.jpg\" class=\"rounded-corners || md:col-span-5 lg:col-span-4 lazyload\" alt=\"Image of the module text and image repeater\" data-srcset=\"https:\/\/slc.qc.ca\/wp-content\/uploads\/2025\/08\/6H2A1557-640x427.jpg 640w, https:\/\/slc.qc.ca\/wp-content\/uploads\/2025\/08\/6H2A1557-1536x1024.jpg 1536w, https:\/\/slc.qc.ca\/wp-content\/uploads\/2025\/08\/6H2A1557-2048x1365.jpg 2048w, https:\/\/slc.qc.ca\/wp-content\/uploads\/2025\/08\/6H2A1557-1920x1280.jpg 1920w, https:\/\/slc.qc.ca\/wp-content\/uploads\/2025\/08\/6H2A1557-1400x933.jpg 1400w, https:\/\/slc.qc.ca\/wp-content\/uploads\/2025\/08\/6H2A1557-1024x683.jpg 1024w, https:\/\/slc.qc.ca\/wp-content\/uploads\/2025\/08\/6H2A1557-480x320.jpg 480w, https:\/\/slc.qc.ca\/wp-content\/uploads\/2025\/08\/6H2A1557-350x233.jpg 350w, https:\/\/slc.qc.ca\/wp-content\/uploads\/2025\/08\/6H2A1557-150x100.jpg 150w\" data-sizes=\"(max-width: 640px) 100vw, 640px\" src=\"data:image\/svg+xml;base64,PHN2ZyB3aWR0aD0iMSIgaGVpZ2h0PSIxIiB4bWxucz0iaHR0cDovL3d3dy53My5vcmcvMjAwMC9zdmciPjwvc3ZnPg==\" style=\"--smush-placeholder-width: 640px; --smush-placeholder-aspect-ratio: 640\/427;\" \/>  <\/div>    <div class=\"mb-6 || md:col-start-6 xl:col-start-7  md:mb-0 md:col-span-7 xl:col-span-6\">\r\n        <div class=\"flex mb-6 items-baseline gap-4\">\r\n            <span class=\"surtitle || text-secondary [.page-template-template-bloom_&#038;]:text-accentBloom before:content-[counter(card-text-image,decimal-leading-zero)'.']\"><\/span>\r\n                            <h3 class=\"text-h3\"> Prendre rendez-vous<\/h3>\r\n                    <\/div>\r\n        <div class=\"wysiwyg-container \">\r\n    <p>Si vous \u00eates \u00e9tudiant \u00e0 St. Lawrence, vous pouvez prendre rendez-vous avec la conseill\u00e8re d\u2019orientation.<\/p>\n<p><strong>Informations de contact<\/strong><\/p>\n<p>Nicole Anne Daigle, Conseill\u00e8re d&rsquo;orientation<\/p>\n<p>Les \u00e9tudiants de St. Lawrence peuvent contacter la conseill\u00e8re d&rsquo;orientation sur Omnivox (MIO). Veuillez rechercher <em>Guidance Counselling<\/em> dans MIO.<\/p>\n<p><strong>T\u00e9l.:<\/strong> 418-656-6921, ext. 4218<\/p>\n<p><strong>Courriel:<\/strong> <a href=\"mailto:nadaigle@crcmail.net\">nadaigle@crcmail.net<\/a><\/p>\n<p><strong>Bureau:<\/strong> 278D<\/p>\n<\/div>    <\/div>\r\n<\/div><div class=\"card-text-image || [counter-increment:card-text-image] border-black\/30 border-b first:border-t py-8 flex flex-col-reverse items-center || md:py-12 md:grid-col\">\r\n        <div class=\"thumbnail w-full rounded-corners || md:col-span-5 lg:col-span-4\"\r\n        style=\"padding-bottom: 66.6015625%\"\r\n    >\r\n\r\n\r\n    <img decoding=\"async\" width=\"640\" height=\"427\" data-src=\"https:\/\/slc.qc.ca\/wp-content\/uploads\/2025\/08\/AR500674-2-640x427.jpg\" class=\"rounded-corners || md:col-span-5 lg:col-span-4 lazyload\" alt=\"Image of the module text and image repeater\" data-srcset=\"https:\/\/slc.qc.ca\/wp-content\/uploads\/2025\/08\/AR500674-2-640x427.jpg 640w, https:\/\/slc.qc.ca\/wp-content\/uploads\/2025\/08\/AR500674-2-1400x933.jpg 1400w, https:\/\/slc.qc.ca\/wp-content\/uploads\/2025\/08\/AR500674-2-1024x683.jpg 1024w, https:\/\/slc.qc.ca\/wp-content\/uploads\/2025\/08\/AR500674-2-480x320.jpg 480w, https:\/\/slc.qc.ca\/wp-content\/uploads\/2025\/08\/AR500674-2-350x233.jpg 350w, https:\/\/slc.qc.ca\/wp-content\/uploads\/2025\/08\/AR500674-2-150x100.jpg 150w\" data-sizes=\"(max-width: 640px) 100vw, 640px\" src=\"data:image\/svg+xml;base64,PHN2ZyB3aWR0aD0iMSIgaGVpZ2h0PSIxIiB4bWxucz0iaHR0cDovL3d3dy53My5vcmcvMjAwMC9zdmciPjwvc3ZnPg==\" style=\"--smush-placeholder-width: 640px; --smush-placeholder-aspect-ratio: 640\/427;\" \/>  <\/div>    <div class=\"mb-6 || md:col-start-6 xl:col-start-7  md:mb-0 md:col-span-7 xl:col-span-6\">\r\n        <div class=\"flex mb-6 items-baseline gap-4\">\r\n            <span class=\"surtitle || text-secondary [.page-template-template-bloom_&#038;]:text-accentBloom before:content-[counter(card-text-image,decimal-leading-zero)'.']\"><\/span>\r\n                            <h3 class=\"text-h3\"> Ressources<\/h3>\r\n                    <\/div>\r\n        <div class=\"wysiwyg-container \">\r\n    <p data-start=\"39\" data-end=\"371\">Les \u00e9tudiants ont acc\u00e8s \u00e0 des ressources suppl\u00e9mentaires dans la communaut\u00e9 <em>Guidance Counseling Services<\/em> sur Omnivox. En plus des consultations individuelles, des ateliers sont offerts tout au long de l\u2019ann\u00e9e et abordent des sujets comme les admissions universitaires, les bourses d\u2019\u00e9tudes et les outils d\u2019exploration de carri\u00e8re.<\/p>\n<p data-start=\"373\" data-end=\"534\" data-is-last-node=\"\" data-is-only-node=\"\"><a href=\"https:\/\/espaceparents.org\/en\/\"><span data-contrast=\"none\">Espace Parents<\/span><\/a> est un site web avec des outils et des ressources pour les parents souhaitant accompagner leurs enfants dans leur parcours scolaire et professionnel.<\/p>\n<\/div>    <\/div>\r\n<\/div>            <\/div>\r\n        <\/div>\r\n    <\/section>\r\n","protected":false},"excerpt":{"rendered":"","protected":false},"author":1,"featured_media":1810,"parent":0,"menu_order":0,"comment_status":"closed","ping_status":"closed","template":"","meta":{"_acf_changed":true,"footnotes":""},"class_list":["post-2141","page","type-page","status-publish","has-post-thumbnail","hentry"],"acf":[],"_links":{"self":[{"href":"https:\/\/slc.qc.ca\/fr\/wp-json\/wp\/v2\/pages\/2141","targetHints":{"allow":["GET"]}}],"collection":[{"href":"https:\/\/slc.qc.ca\/fr\/wp-json\/wp\/v2\/pages"}],"about":[{"href":"https:\/\/slc.qc.ca\/fr\/wp-json\/wp\/v2\/types\/page"}],"author":[{"embeddable":true,"href":"https:\/\/slc.qc.ca\/fr\/wp-json\/wp\/v2\/users\/1"}],"replies":[{"embeddable":true,"href":"https:\/\/slc.qc.ca\/fr\/wp-json\/wp\/v2\/comments?post=2141"}],"version-history":[{"count":0,"href":"https:\/\/slc.qc.ca\/fr\/wp-json\/wp\/v2\/pages\/2141\/revisions"}],"wp:featuredmedia":[{"embeddable":true,"href":"https:\/\/slc.qc.ca\/fr\/wp-json\/wp\/v2\/media\/1810"}],"wp:attachment":[{"href":"https:\/\/slc.qc.ca\/fr\/wp-json\/wp\/v2\/media?parent=2141"}],"curies":[{"name":"wp","href":"https:\/\/api.w.org\/{rel}","templated":true}]}}