{"id":2135,"date":"2025-08-07T01:53:47","date_gmt":"2025-08-07T05:53:47","guid":{"rendered":"https:\/\/slc.qc.ca\/formation-aux-entreprises-capitale-nationale\/"},"modified":"2026-03-18T13:55:19","modified_gmt":"2026-03-18T17:55:19","slug":"formation-aux-entreprises-capitale-nationale","status":"publish","type":"page","link":"https:\/\/slc.qc.ca\/fr\/formation-aux-entreprises-capitale-nationale\/","title":{"rendered":"Formation aux entreprises &#8211; Capitale nationale"},"content":{"rendered":"    <section class=\"text-image-title-above || section \">\r\n        \r\n<span class=\"absolute top-0 left-0\" ><\/span>        <div class=\"wrapper || flex flex-col || lg:grid-col\">\r\n                            <h2 class=\"text-h2 || mb-12 [.page-template-template-careers_section:not(.section-dark)_&#038;]:text-secondary || lg:mb-16 lg:col-span-8 xl:col-span-6\">Qu\u2019est-ce que Formation aux entreprises ?<\/h2>\r\n                                        <div class=\"max-lg:order-3 max-lg:mt-12 lg:col-span-6 lg:col-start-1 xl:col-start-1 xl:col-span-5\">\r\n                        <div class=\"thumbnail w-full rounded-corners\"\r\n        style=\"padding-bottom: 122.83950617284%\"\r\n    >\r\n\r\n\r\n    <img decoding=\"async\" width=\"853\" height=\"1280\" data-src=\"https:\/\/slc.qc.ca\/wp-content\/uploads\/2025\/08\/497f627d-bd64-4caf-8de5-1c581bcffa12.jpg\" class=\"rounded-corners lazyload\" alt=\"Image of the module text and image above\" data-srcset=\"https:\/\/slc.qc.ca\/wp-content\/uploads\/2025\/08\/497f627d-bd64-4caf-8de5-1c581bcffa12.jpg 853w, https:\/\/slc.qc.ca\/wp-content\/uploads\/2025\/08\/497f627d-bd64-4caf-8de5-1c581bcffa12-640x960.jpg 640w, https:\/\/slc.qc.ca\/wp-content\/uploads\/2025\/08\/497f627d-bd64-4caf-8de5-1c581bcffa12-480x720.jpg 480w, https:\/\/slc.qc.ca\/wp-content\/uploads\/2025\/08\/497f627d-bd64-4caf-8de5-1c581bcffa12-350x525.jpg 350w, https:\/\/slc.qc.ca\/wp-content\/uploads\/2025\/08\/497f627d-bd64-4caf-8de5-1c581bcffa12-150x225.jpg 150w\" data-sizes=\"(max-width: 853px) 100vw, 853px\" src=\"data:image\/svg+xml;base64,PHN2ZyB3aWR0aD0iMSIgaGVpZ2h0PSIxIiB4bWxucz0iaHR0cDovL3d3dy53My5vcmcvMjAwMC9zdmciPjwvc3ZnPg==\" style=\"--smush-placeholder-width: 853px; --smush-placeholder-aspect-ratio: 853\/1280;\" \/>  <\/div>                <\/div>\r\n                        <div class=\"lg:col-start-7 xl:col-start-7 lg:col-span-6 xl:col-span-5\">\r\n                <div class=\"wysiwyg-container \">\r\n    <p><strong>Formation aux entreprises \u2013 Capitale-Nationale<\/strong>\u00a0regroupe les services de formation continue des quatre c\u00e9geps de la r\u00e9gion de Qu\u00e9bec : CEGEP Champlain \u2013 St. Lawrence, Garneau, Limoilou et Ste-Foy. Ces quatre c\u00e9geps ont uni leurs forces sous une m\u00eame banni\u00e8re afin de mettre leur expertise et leur savoir-faire au service des entreprises. Ainsi, les entreprises peuvent b\u00e9n\u00e9ficier d\u2019<strong>une large gamme de formations<\/strong> con\u00e7ues pour r\u00e9pondre aux <strong>besoins sp\u00e9cifiques de leur personnel<\/strong>.<\/p>\n<p><strong>Les types d\u2019interventions offerts sont :<\/strong><\/p>\n<ul>\n<li>Formation \u00ab cl\u00e9s en main \u00bb<\/li>\n<li>Formation sur mesure<\/li>\n<li>Coaching et accompagnement<\/li>\n<\/ul>\n<\/div>            <\/div>\r\n        <\/div>\r\n    <\/section>\r\n\n\n    <section class=\"text-and-image || section different-background section-light\">\r\n        \r\n<span class=\"absolute top-0 left-0\" ><\/span>        <div class=\"wrapper || md:grid-col md:items-center\">\r\n            <div class=\"content || md:col-start-1 xl:col-start-2 md:col-span-6 md:row-start-1 xl:col-span-5\">\r\n                                    <h2 class=\"text-h2 || mb-8 [.page-template-template-careers_&#038;]:text-secondary\">Programmes de formation<\/h2>\r\n                <div class=\"wysiwyg-container \">\r\n    <ul>\n<li><a href=\"https:\/\/www.lecegep.ca\/fr\/formations\/leader-transformation-numerique-2\">Leader en transformation num\u00e9rique<\/a><\/li>\n<li><a href=\"https:\/\/www.lecegep.ca\/fr\/etablissements\/capitale-nationale-formation-aux-entreprises\">Infonuagique<\/a><\/li>\n<li><a href=\"https:\/\/www.lecegep.ca\/fr\/formations\/certification-collegiale-en-diversite-et-inclusion-en-emploi\">Diversit\u00e9 et inclusion en emploi<\/a><\/li>\n<li><a href=\"https:\/\/www.lecegep.ca\/fr\/formations\/maitriser-les-bases-du-depot-dune-soumission-obtenir-un-contrat-public\">Obtenir un contrat public (MEIE)<\/a><\/li>\n<li><a href=\"https:\/\/cciquebec.ca\/formations-de-la-cciq\/\">Formations de la CCIQ &#8211; CCIQ<\/a><\/li>\n<\/ul>\n<p>Veuillez noter que les cours sont offerts uniquement en fran\u00e7ais.<\/p>\n<\/div>            <\/div>\r\n            <div class=\"md:col-start-8 lg:col-start-8 xl:col-start-8 mt-8 || aspect-[201\/234] relative || [mask-image:url(..\/assets\/svg\/image-mask-bottom.svg)] [mask-repeat:no-repeat] [mask-size:cover] [mask-position:bottom] || md:mt-0 md:col-span-5 md:row-start-1 xl:col-span-4\">\r\n                <img decoding=\"async\" width=\"1024\" height=\"682\" data-src=\"https:\/\/slc.qc.ca\/wp-content\/uploads\/2025\/08\/9e17b482-d940-4811-87a1-f5f149583bb8-1024x682.jpg\" class=\"w-full h-full  object-cover lazyload\" alt=\"Module image\" data-srcset=\"https:\/\/slc.qc.ca\/wp-content\/uploads\/2025\/08\/9e17b482-d940-4811-87a1-f5f149583bb8-1024x682.jpg 1024w, https:\/\/slc.qc.ca\/wp-content\/uploads\/2025\/08\/9e17b482-d940-4811-87a1-f5f149583bb8-640x427.jpg 640w, https:\/\/slc.qc.ca\/wp-content\/uploads\/2025\/08\/9e17b482-d940-4811-87a1-f5f149583bb8-480x320.jpg 480w, https:\/\/slc.qc.ca\/wp-content\/uploads\/2025\/08\/9e17b482-d940-4811-87a1-f5f149583bb8-350x233.jpg 350w, https:\/\/slc.qc.ca\/wp-content\/uploads\/2025\/08\/9e17b482-d940-4811-87a1-f5f149583bb8-150x100.jpg 150w, https:\/\/slc.qc.ca\/wp-content\/uploads\/2025\/08\/9e17b482-d940-4811-87a1-f5f149583bb8.jpg 1280w\" data-sizes=\"(max-width: 1024px) 100vw, 1024px\" src=\"data:image\/svg+xml;base64,PHN2ZyB3aWR0aD0iMSIgaGVpZ2h0PSIxIiB4bWxucz0iaHR0cDovL3d3dy53My5vcmcvMjAwMC9zdmciPjwvc3ZnPg==\" style=\"--smush-placeholder-width: 1024px; --smush-placeholder-aspect-ratio: 1024\/682;\" \/>            <\/div>\r\n        <\/div>\r\n    <\/section>\r\n\n\n    <section class=\"cta-banner || section different-background || relative !py-0 overflow-hidden bg-secondary text-light\">\r\n        \r\n<span class=\"absolute top-0 left-0\" ><\/span>                    <div class=\"absolute right-0 top-0 pointer-events-none z-10 [&#038;_svg]:min-w-full [&#038;_svg]:min-h-full || md:w-[64%]\">\r\n                <svg width=\"1216\" height=\"700\" viewBox=\"0 0 1216 700\" fill=\"none\" xmlns=\"http:\/\/www.w3.org\/2000\/svg\">\r\n<mask id=\"mask0_3262_6827\" style=\"mask-type:alpha\" maskUnits=\"userSpaceOnUse\" x=\"0\" y=\"0\" width=\"1216\" height=\"700\">\r\n<path d=\"M0 0H1216V700H0V0Z\" fill=\"#EA0029\"\/>\r\n<\/mask>\r\n<g mask=\"url(#mask0_3262_6827)\">\r\n<g opacity=\"0.1\">\r\n<g clip-path=\"url(#clip0_3262_6827)\">\r\n<path d=\"M1076.07 -213.811C1007.75 -188.191 943.702 -150.524 887.278 -102.792C838.631 -61.0079 795.016 -17.3935 753.232 25.3059C697.723 80.0527 651.516 125.192 599.514 163.774C479.956 253.443 349.265 301.327 203.934 301.327H-5.29297V464.5H212.474C391.964 464.5 549.952 404.721 696.807 295.38C757.502 250.088 810.419 197.934 868.52 140.747C908.627 100.64 949.649 58.703 993.264 21.951C1059.91 -34.4733 1138.44 -71.2252 1222.16 -86.475L1076.07 -213.811Z\" fill=\"#202945\"\/>\r\n<path d=\"M1026.51 725.119L965.813 766.141L893.224 819.973L1350.26 1383L1229.79 1383.91L937.601 1134.42L543.699 797.861L525.704 782.458C653.802 756.839 775.191 703.922 886.21 620.963C952.851 570.486 1010.04 513.299 1065.55 457.79C1106.57 417.683 1145 379.254 1186.02 344.179C1262.12 280.13 1391.13 227.061 1489.34 227.061H1584.19L1419.34 85.2375C1297.19 92.1 1175.8 139.069 1080.95 219.436C1034.9 258.78 992.043 301.48 951.021 342.502C896.427 396.333 845.95 446.658 787.848 490.272C650.295 592.751 502.525 640.635 333.405 637.28H-1035.26L-1397.45 1035.45H-1797.3L-2012.62 1383.15H-2181.74L-1886.97 881.734C-1770 870.602 -1661.42 818.448 -1587.92 737.319C-1540.03 686.08 -1442.74 526.262 -1404.31 299.955H-1570.07C-1590.66 400.756 -1629.85 543.494 -1707.63 627.215C-1762.22 686.995 -1845.18 721.154 -1934.85 721.154H-1981.06L-2466 1546.17H-1921.73L-1706.41 1198.47H-1333.09L-970.91 800.3H293.45L1163.15 1541.9L1170.01 1547.85L1691.09 1545.25L1087.05 797.708L1026.35 725.119H1026.51Z\" fill=\"#202945\"\/>\r\n<path d=\"M1000.28 -767.378V-662.46L1139.51 -555.711V-767.378H1638.94V-578.586L1560.4 -589.718H1439.17C1381.07 -589.718 1329.83 -566.691 1291.4 -529.024C1253.73 -491.51 1230.7 -438.44 1230.7 -381.254C1230.7 -265.965 1323.88 -172.789 1439.17 -172.789H1640.77V-38.8958L1779.24 84.9326V-309.427H1437.49C1399.06 -309.427 1368.26 -340.232 1368.26 -378.661C1368.26 -417.091 1399.06 -447.895 1437.49 -447.895H1536.61L1639.09 -429.901L1780 -405.958V-900.662H743.777L606.071 -1028.76H389.066L682.93 -767.378H1000.13H1000.28Z\" fill=\"#202945\"\/>\r\n<path d=\"M896.578 -368.291C862.419 -351.212 832.529 -331.539 802.792 -305.92C759.94 -269.32 713.886 -229.976 673.626 -190.631C616.592 -132.377 578.925 -85.5602 514.876 -35.0834C374.73 75.0201 195.24 106.74 21.0876 109.332H-5.44678L-419.326 110.247H-2079.88C-2258.6 110.247 -2410.34 -35.9984 -2406.98 -214.573C-2403.63 -387.811 -2261.5 -527.194 -2088.57 -527.194H-846.625C-763.819 -527.194 -695.348 -594.751 -695.348 -678.32C-695.348 -791.931 -763.819 -859.487 -846.625 -859.487H-1615.37L-1811.78 -1029.52H-846.473C-668.355 -1029.52 -524.245 -876.262 -527.905 -670.847C-530.955 -497.61 -674.76 -359.904 -847.998 -359.904H-2088.57C-2171.38 -359.904 -2238.93 -292.347 -2238.93 -208.626C-2238.93 -158.454 -2214.23 -114.077 -2176.56 -86.6276C-2151.09 -68.1754 -2119.53 -59.788 -2087.96 -59.788H10.7178C161.843 -56.433 294.364 -88.9151 416.515 -180.414C468.669 -218.843 510.606 -264.135 563.37 -317.967C606.222 -359.904 645.262 -401.536 700.009 -445.15C722.273 -463.298 737.676 -473.515 758.873 -487.087L896.426 -368.291H896.578Z\" fill=\"#202945\"\/>\r\n<\/g>\r\n<\/g>\r\n<\/g>\r\n<defs>\r\n<clipPath id=\"clip0_3262_6827\">\r\n<rect width=\"4246\" height=\"2579.05\" fill=\"white\" transform=\"translate(-2466 -1029.52)\"\/>\r\n<\/clipPath>\r\n<\/defs>\r\n<\/svg>\r\n            <\/div>\r\n                <div class=\"wrapper || [position:initial] || md:grid-col md:items-center md:min-h-[25rem] lg:min-h-[34.375rem] xl:min-h-[43.75rem]\">\r\n            <div class=\"md:col-span-5 lg:col-span-6 \">\r\n                <div class=\"absolute left-0 top-0 w-1\/2 h-full flex items-center z-20 || md:w-[36.5%]\">\r\n                        <div class=\"thumbnail w-full hidden object-cover h-full [&amp;_img]:custom-transition overflow-hidden md:block\"\r\n        style=\"padding-bottom: 100%\"\r\n    >\r\n\r\n\r\n    <img decoding=\"async\" width=\"1024\" height=\"682\" data-src=\"https:\/\/slc.qc.ca\/wp-content\/uploads\/2025\/08\/d59378c4-d926-4bc0-a4d1-bed39e50a5ed-1024x682.jpg\" class=\"hidden object-cover h-full [&amp;_img]:custom-transition overflow-hidden md:block lazyload\" alt=\"Background image\" data-srcset=\"https:\/\/slc.qc.ca\/wp-content\/uploads\/2025\/08\/d59378c4-d926-4bc0-a4d1-bed39e50a5ed-1024x682.jpg 1024w, https:\/\/slc.qc.ca\/wp-content\/uploads\/2025\/08\/d59378c4-d926-4bc0-a4d1-bed39e50a5ed-640x427.jpg 640w, https:\/\/slc.qc.ca\/wp-content\/uploads\/2025\/08\/d59378c4-d926-4bc0-a4d1-bed39e50a5ed-480x320.jpg 480w, https:\/\/slc.qc.ca\/wp-content\/uploads\/2025\/08\/d59378c4-d926-4bc0-a4d1-bed39e50a5ed-350x233.jpg 350w, https:\/\/slc.qc.ca\/wp-content\/uploads\/2025\/08\/d59378c4-d926-4bc0-a4d1-bed39e50a5ed-150x100.jpg 150w, https:\/\/slc.qc.ca\/wp-content\/uploads\/2025\/08\/d59378c4-d926-4bc0-a4d1-bed39e50a5ed.jpg 1280w\" data-sizes=\"(max-width: 1024px) 100vw, 1024px\" src=\"data:image\/svg+xml;base64,PHN2ZyB3aWR0aD0iMSIgaGVpZ2h0PSIxIiB4bWxucz0iaHR0cDovL3d3dy53My5vcmcvMjAwMC9zdmciPjwvc3ZnPg==\" style=\"--smush-placeholder-width: 1024px; --smush-placeholder-aspect-ratio: 1024\/682;\" \/>  <\/div>                <\/div>\r\n            <\/div>\r\n            <div class=\"relative z-30 py-20 || md:col-span-7 md:col-start-6 lg:col-span-6 lg:col-start-7\">\r\n                <h2 class=\"text-h2\">En savoir plus<\/h2>\r\n                <div class=\"wysiwyg-container || mt-6 lg:mt-8 [&#038;_*]:text-light\">\r\n    <p>Pour plus d\u2019informations, cliquez sur le lien ci-dessous :<\/p>\n<\/div>                    <a href=\"https:\/\/www.lecegep.ca\/fr\/capitale-nationale-formation-aux-entreprises\" class=\"mt-6 lg:mt-8 white btn-primary\"  target=\"_blank\" rel=\"noopener\" >\r\n        En savoir plus    <\/a>\r\n            <\/div>\r\n        <\/div>\r\n        <div class=\"relative z-20 || md:hidden\">\r\n                <div class=\"thumbnail w-full overflow-hidden\"\r\n        style=\"padding-bottom: 63.671875%\"\r\n    >\r\n\r\n\r\n    <img decoding=\"async\" width=\"1024\" height=\"682\" data-src=\"https:\/\/slc.qc.ca\/wp-content\/uploads\/2025\/08\/d59378c4-d926-4bc0-a4d1-bed39e50a5ed-1024x682.jpg\" class=\"overflow-hidden lazyload\" alt=\"Background image\" data-srcset=\"https:\/\/slc.qc.ca\/wp-content\/uploads\/2025\/08\/d59378c4-d926-4bc0-a4d1-bed39e50a5ed-1024x682.jpg 1024w, https:\/\/slc.qc.ca\/wp-content\/uploads\/2025\/08\/d59378c4-d926-4bc0-a4d1-bed39e50a5ed-640x427.jpg 640w, https:\/\/slc.qc.ca\/wp-content\/uploads\/2025\/08\/d59378c4-d926-4bc0-a4d1-bed39e50a5ed-480x320.jpg 480w, https:\/\/slc.qc.ca\/wp-content\/uploads\/2025\/08\/d59378c4-d926-4bc0-a4d1-bed39e50a5ed-350x233.jpg 350w, https:\/\/slc.qc.ca\/wp-content\/uploads\/2025\/08\/d59378c4-d926-4bc0-a4d1-bed39e50a5ed-150x100.jpg 150w, https:\/\/slc.qc.ca\/wp-content\/uploads\/2025\/08\/d59378c4-d926-4bc0-a4d1-bed39e50a5ed.jpg 1280w\" data-sizes=\"(max-width: 1024px) 100vw, 1024px\" src=\"data:image\/svg+xml;base64,PHN2ZyB3aWR0aD0iMSIgaGVpZ2h0PSIxIiB4bWxucz0iaHR0cDovL3d3dy53My5vcmcvMjAwMC9zdmciPjwvc3ZnPg==\" style=\"--smush-placeholder-width: 1024px; --smush-placeholder-aspect-ratio: 1024\/682;\" \/>  <\/div>        <\/div>\r\n    <\/section>\r\n","protected":false},"excerpt":{"rendered":"","protected":false},"author":1,"featured_media":1831,"parent":0,"menu_order":0,"comment_status":"closed","ping_status":"closed","template":"","meta":{"_acf_changed":true,"footnotes":""},"class_list":["post-2135","page","type-page","status-publish","has-post-thumbnail","hentry"],"acf":[],"_links":{"self":[{"href":"https:\/\/slc.qc.ca\/fr\/wp-json\/wp\/v2\/pages\/2135","targetHints":{"allow":["GET"]}}],"collection":[{"href":"https:\/\/slc.qc.ca\/fr\/wp-json\/wp\/v2\/pages"}],"about":[{"href":"https:\/\/slc.qc.ca\/fr\/wp-json\/wp\/v2\/types\/page"}],"author":[{"embeddable":true,"href":"https:\/\/slc.qc.ca\/fr\/wp-json\/wp\/v2\/users\/1"}],"replies":[{"embeddable":true,"href":"https:\/\/slc.qc.ca\/fr\/wp-json\/wp\/v2\/comments?post=2135"}],"version-history":[{"count":0,"href":"https:\/\/slc.qc.ca\/fr\/wp-json\/wp\/v2\/pages\/2135\/revisions"}],"wp:featuredmedia":[{"embeddable":true,"href":"https:\/\/slc.qc.ca\/fr\/wp-json\/wp\/v2\/media\/1831"}],"wp:attachment":[{"href":"https:\/\/slc.qc.ca\/fr\/wp-json\/wp\/v2\/media?parent=2135"}],"curies":[{"name":"wp","href":"https:\/\/api.w.org\/{rel}","templated":true}]}}