{"id":2134,"date":"2025-08-07T01:59:31","date_gmt":"2025-08-07T05:59:31","guid":{"rendered":"https:\/\/slc.qc.ca\/continuing-education\/"},"modified":"2026-01-26T10:09:19","modified_gmt":"2026-01-26T15:09:19","slug":"formation-continue","status":"publish","type":"page","link":"https:\/\/slc.qc.ca\/fr\/formation-continue\/","title":{"rendered":"Formation continue"},"content":{"rendered":"    <section class=\"text-and-image || section \">\r\n        \r\n<span class=\"absolute top-0 left-0\" ><\/span>        <div class=\"wrapper || md:grid-col md:items-center\">\r\n            <div class=\"content || md:col-start-1 xl:col-start-2 md:col-span-6 md:row-start-1 xl:col-span-5\">\r\n                                    <h2 class=\"text-h2 || mb-8 [.page-template-template-careers_&#038;]:text-secondary\">\u00c0 propos de la formation continue<\/h2>\r\n                <div class=\"wysiwyg-container \">\r\n    <p data-start=\"41\" data-end=\"271\">La r\u00e9ussite de demain commence par les choix \u00e9ducatifs que vous faites aujourd\u2019hui. L\u2019approche humaine de St. Lawrence et la qualit\u00e9 de ses cours vous offrent de nouvelles occasions de r\u00e9aliser vos objectifs.<\/p>\n<p data-start=\"273\" data-end=\"457\" data-is-last-node=\"\" data-is-only-node=\"\">Que vous souhaitiez faire progresser ou r\u00e9orienter votre carri\u00e8re, d\u00e9velopper vos comp\u00e9tences ou enrichir votre vie, nos services de formation continue peuvent vous aider \u00e0 y parvenir.<\/p>\n<\/div>            <\/div>\r\n            <div class=\"md:col-start-8 lg:col-start-8 xl:col-start-8 mt-8 || aspect-[201\/234] relative || [mask-image:url(..\/assets\/svg\/image-mask-bottom.svg)] [mask-repeat:no-repeat] [mask-size:cover] [mask-position:bottom] || md:mt-0 md:col-span-5 md:row-start-1 xl:col-span-4\">\r\n                <img decoding=\"async\" width=\"1024\" height=\"682\" data-src=\"https:\/\/slc.qc.ca\/wp-content\/uploads\/2025\/08\/4efcb2c9-0bc9-49a2-a7bc-bde22722a014-1024x682.jpg\" class=\"w-full h-full  object-cover lazyload\" alt=\"Module image\" data-srcset=\"https:\/\/slc.qc.ca\/wp-content\/uploads\/2025\/08\/4efcb2c9-0bc9-49a2-a7bc-bde22722a014-1024x682.jpg 1024w, https:\/\/slc.qc.ca\/wp-content\/uploads\/2025\/08\/4efcb2c9-0bc9-49a2-a7bc-bde22722a014-640x427.jpg 640w, https:\/\/slc.qc.ca\/wp-content\/uploads\/2025\/08\/4efcb2c9-0bc9-49a2-a7bc-bde22722a014-480x320.jpg 480w, https:\/\/slc.qc.ca\/wp-content\/uploads\/2025\/08\/4efcb2c9-0bc9-49a2-a7bc-bde22722a014-350x233.jpg 350w, https:\/\/slc.qc.ca\/wp-content\/uploads\/2025\/08\/4efcb2c9-0bc9-49a2-a7bc-bde22722a014-150x100.jpg 150w, https:\/\/slc.qc.ca\/wp-content\/uploads\/2025\/08\/4efcb2c9-0bc9-49a2-a7bc-bde22722a014.jpg 1280w\" data-sizes=\"(max-width: 1024px) 100vw, 1024px\" src=\"data:image\/svg+xml;base64,PHN2ZyB3aWR0aD0iMSIgaGVpZ2h0PSIxIiB4bWxucz0iaHR0cDovL3d3dy53My5vcmcvMjAwMC9zdmciPjwvc3ZnPg==\" style=\"--smush-placeholder-width: 1024px; --smush-placeholder-aspect-ratio: 1024\/682;\" \/>            <\/div>\r\n        <\/div>\r\n    <\/section>\r\n\n\n    <section class=\"content-cards || section \">\r\n        \r\n<span class=\"absolute top-0 left-0\" ><\/span>        <div class=\"wrapper\">\r\n                <div class=\"intro-left mb-12 max-w-[49rem] || lg:mb-16\">\r\n        <h2 class=\"text-h2 [.page-template-template-careers_section:not(.section-dark)_&#038;]:text-secondary\">Nos services<\/h2>\r\n        <div class=\"wysiwyg-container || mt-6\">\r\n    <p data-start=\"42\" data-end=\"131\">D\u00e9couvrez chacun de nos programmes ou services en cliquant sur les encadr\u00e9s ci-dessous.<\/p>\n<p data-start=\"133\" data-end=\"222\">Pour en savoir plus sur nos autres services, envoyez un courriel \u00e0 <a class=\"cursor-pointer\" rel=\"noopener\" data-start=\"200\" data-end=\"219\">jnoonan@crcmail.net<\/a>.<\/p>\n<p data-start=\"224\" data-end=\"378\">Les d\u00e9lais de r\u00e9ponse peuvent varier en raison des jours f\u00e9ri\u00e9s. Soyez assur\u00e9s que nous traiterons vos demandes dans les plus brefs d\u00e9lais.<\/p>\n<\/div>            <\/div>\r\n            <div class=\"grid gap-6 grid-cols-1 || sm:grid-cols-2 lg:grid-cols-3 lg:gap-8\">\r\n                \r\n    <a href=\"https:\/\/slc.qc.ca\/fr\/cours-anglais\/\" target=\"\" class=\"card-content rounded-corners || group flex flex-col justify-between py-8 px-5 bg-accent [.page-template-template-bloom_&#038;]:bg-accentBloom !text-light max-sm:pb-10 sm:min-h-[18.75rem] md:p-8\">\r\n            <span>\r\n                            <h3 class=\"text-h4 !text-light\">Cours d&rsquo;anglais<\/h3>\r\n                        \r\n        <\/span>\r\n\r\n            <button class=\"white w-fit mt-12 group-hover:after:translate-x-6 group-hover:after:opacity-100 btn-link arrow\">\r\n        En savoir plus    <\/button>\r\n            <\/a>\r\n\r\n    <a href=\"https:\/\/slc.qc.ca\/fr\/cours-espagnol\/\" target=\"\" class=\"card-content rounded-corners || group flex flex-col justify-between py-8 px-5 bg-accent [.page-template-template-bloom_&#038;]:bg-accentBloom !text-light max-sm:pb-10 sm:min-h-[18.75rem] md:p-8\">\r\n            <span>\r\n                            <h3 class=\"text-h4 !text-light\">Cours d&rsquo;espagnol<\/h3>\r\n                        \r\n        <\/span>\r\n\r\n            <button class=\"white w-fit mt-12 group-hover:after:translate-x-6 group-hover:after:opacity-100 btn-link arrow\">\r\n        Cours d&rsquo;espagnol    <\/button>\r\n            <\/a>\r\n\r\n    <a href=\"https:\/\/slc.qc.ca\/fr\/anglais-et-espagnol-des-affaires\/\" target=\"\" class=\"card-content rounded-corners || group flex flex-col justify-between py-8 px-5 bg-accent [.page-template-template-bloom_&#038;]:bg-accentBloom !text-light max-sm:pb-10 sm:min-h-[18.75rem] md:p-8\">\r\n            <span>\r\n                            <h3 class=\"text-h4 !text-light\">Anglais et espagnol des affaires<\/h3>\r\n                        \r\n        <\/span>\r\n\r\n            <button class=\"white w-fit mt-12 group-hover:after:translate-x-6 group-hover:after:opacity-100 btn-link arrow\">\r\n        En savoir plus    <\/button>\r\n            <\/a>\r\n\r\n    <a href=\"https:\/\/slc.qc.ca\/fr\/guide-touristique\/\" target=\"\" class=\"card-content rounded-corners || group flex flex-col justify-between py-8 px-5 bg-accent [.page-template-template-bloom_&#038;]:bg-accentBloom !text-light max-sm:pb-10 sm:min-h-[18.75rem] md:p-8\">\r\n            <span>\r\n                            <h3 class=\"text-h4 !text-light\">Guide touristique<\/h3>\r\n                        \r\n        <\/span>\r\n\r\n            <button class=\"white w-fit mt-12 group-hover:after:translate-x-6 group-hover:after:opacity-100 btn-link arrow\">\r\n        En savoir plus    <\/button>\r\n            <\/a>\r\n\r\n    <a href=\"https:\/\/slc.qc.ca\/fr\/aec-en-administration-des-affaires\/\" target=\"\" class=\"card-content rounded-corners || group flex flex-col justify-between py-8 px-5 bg-accent [.page-template-template-bloom_&#038;]:bg-accentBloom !text-light max-sm:pb-10 sm:min-h-[18.75rem] md:p-8\">\r\n            <span>\r\n                            <h3 class=\"text-h4 !text-light\">AEC\u202f: Administration des affaires<\/h3>\r\n                        \r\n        <\/span>\r\n\r\n            <button class=\"white w-fit mt-12 group-hover:after:translate-x-6 group-hover:after:opacity-100 btn-link arrow\">\r\n        En savoir plus    <\/button>\r\n            <\/a>\r\n\r\n    <a href=\"https:\/\/slc.qc.ca\/fr\/formation-aux-entreprises-capitale-nationale\/\" target=\"\" class=\"card-content rounded-corners || group flex flex-col justify-between py-8 px-5 bg-accent [.page-template-template-bloom_&#038;]:bg-accentBloom !text-light max-sm:pb-10 sm:min-h-[18.75rem] md:p-8\">\r\n            <span>\r\n                            <h3 class=\"text-h4 !text-light\">Formation aux entreprises &#8211; Capitale nationale<\/h3>\r\n                        \r\n        <\/span>\r\n\r\n            <button class=\"white w-fit mt-12 group-hover:after:translate-x-6 group-hover:after:opacity-100 btn-link arrow\">\r\n        En savoir plus    <\/button>\r\n            <\/a>\r\n            <\/div>\r\n        <\/div>\r\n    <\/section>\r\n\r\n","protected":false},"excerpt":{"rendered":"","protected":false},"author":1,"featured_media":1814,"parent":0,"menu_order":0,"comment_status":"closed","ping_status":"closed","template":"","meta":{"_acf_changed":false,"footnotes":""},"class_list":["post-2134","page","type-page","status-publish","has-post-thumbnail","hentry"],"acf":[],"_links":{"self":[{"href":"https:\/\/slc.qc.ca\/fr\/wp-json\/wp\/v2\/pages\/2134","targetHints":{"allow":["GET"]}}],"collection":[{"href":"https:\/\/slc.qc.ca\/fr\/wp-json\/wp\/v2\/pages"}],"about":[{"href":"https:\/\/slc.qc.ca\/fr\/wp-json\/wp\/v2\/types\/page"}],"author":[{"embeddable":true,"href":"https:\/\/slc.qc.ca\/fr\/wp-json\/wp\/v2\/users\/1"}],"replies":[{"embeddable":true,"href":"https:\/\/slc.qc.ca\/fr\/wp-json\/wp\/v2\/comments?post=2134"}],"version-history":[{"count":0,"href":"https:\/\/slc.qc.ca\/fr\/wp-json\/wp\/v2\/pages\/2134\/revisions"}],"wp:featuredmedia":[{"embeddable":true,"href":"https:\/\/slc.qc.ca\/fr\/wp-json\/wp\/v2\/media\/1814"}],"wp:attachment":[{"href":"https:\/\/slc.qc.ca\/fr\/wp-json\/wp\/v2\/media?parent=2134"}],"curies":[{"name":"wp","href":"https:\/\/api.w.org\/{rel}","templated":true}]}}