{"id":2131,"date":"2025-08-11T01:11:54","date_gmt":"2025-08-11T05:11:54","guid":{"rendered":"https:\/\/slc.qc.ca\/store-and-merch\/"},"modified":"2025-11-11T09:30:32","modified_gmt":"2025-11-11T14:30:32","slug":"boutique-du-cegep","status":"publish","type":"page","link":"https:\/\/slc.qc.ca\/fr\/boutique-du-cegep\/","title":{"rendered":"Boutique du c\u00e9gep"},"content":{"rendered":"    <section class=\"text-and-image || section \">\r\n        \r\n<span class=\"absolute top-0 left-0\" ><\/span>        <div class=\"wrapper || md:grid-col md:items-center\">\r\n            <div class=\"content || md:col-start-1 xl:col-start-2 md:col-span-6 md:row-start-1 xl:col-span-5\">\r\n                                    <h2 class=\"text-h2 || mb-8 [.page-template-template-careers_&#038;]:text-secondary\">Achetez votre marchandise St. Lawrence<\/h2>\r\n                <div class=\"wysiwyg-container \">\r\n    <p data-start=\"88\" data-end=\"324\">Envie de vous mettre dans l\u2019ambiance St. Lo ?<br data-start=\"137\" data-end=\"140\" \/>Notre partenaire,<strong> Coopsco<\/strong>, est l\u2019endroit parfait !<br data-start=\"194\" data-end=\"197\" \/>Visitez leur site web pour d\u00e9couvrir la collection St. Lo, compos\u00e9e de t-shirts, de hoodies et de bien d\u2019autres articles.<\/p>\n<p data-start=\"326\" data-end=\"434\">Vous pouvez \u00e9galement retrouver ces produits directement au bistro, situ\u00e9 au rez-de-chauss\u00e9e du c\u00e9gep.<\/p>\n<\/div>    <a href=\"https:\/\/coopscosf.com\/fr\/stlaw\" class=\"mt-10 btn-primary\"  target=\"_blank\" rel=\"noopener\" >\r\n        Acheter vos articles    <\/a>\r\n            <\/div>\r\n            <div class=\"md:col-start-8 lg:col-start-8 xl:col-start-8 mt-8 || aspect-[201\/234] relative || [mask-image:url(..\/assets\/svg\/image-mask-bottom.svg)] [mask-repeat:no-repeat] [mask-size:cover] [mask-position:bottom] || md:mt-0 md:col-span-5 md:row-start-1 xl:col-span-4\">\r\n                <img decoding=\"async\" width=\"1024\" height=\"683\" data-src=\"https:\/\/slc.qc.ca\/wp-content\/uploads\/2025\/08\/Merch-Day-September-2023-1024x683.jpg\" class=\"w-full h-full  object-cover lazyload\" alt=\"Module image\" data-srcset=\"https:\/\/slc.qc.ca\/wp-content\/uploads\/2025\/08\/Merch-Day-September-2023-1024x683.jpg 1024w, https:\/\/slc.qc.ca\/wp-content\/uploads\/2025\/08\/Merch-Day-September-2023-1536x1024.jpg 1536w, https:\/\/slc.qc.ca\/wp-content\/uploads\/2025\/08\/Merch-Day-September-2023-2048x1365.jpg 2048w, https:\/\/slc.qc.ca\/wp-content\/uploads\/2025\/08\/Merch-Day-September-2023-1920x1280.jpg 1920w, https:\/\/slc.qc.ca\/wp-content\/uploads\/2025\/08\/Merch-Day-September-2023-1400x933.jpg 1400w, https:\/\/slc.qc.ca\/wp-content\/uploads\/2025\/08\/Merch-Day-September-2023-640x427.jpg 640w, https:\/\/slc.qc.ca\/wp-content\/uploads\/2025\/08\/Merch-Day-September-2023-480x320.jpg 480w, https:\/\/slc.qc.ca\/wp-content\/uploads\/2025\/08\/Merch-Day-September-2023-350x233.jpg 350w, https:\/\/slc.qc.ca\/wp-content\/uploads\/2025\/08\/Merch-Day-September-2023-150x100.jpg 150w\" data-sizes=\"(max-width: 1024px) 100vw, 1024px\" src=\"data:image\/svg+xml;base64,PHN2ZyB3aWR0aD0iMSIgaGVpZ2h0PSIxIiB4bWxucz0iaHR0cDovL3d3dy53My5vcmcvMjAwMC9zdmciPjwvc3ZnPg==\" style=\"--smush-placeholder-width: 1024px; --smush-placeholder-aspect-ratio: 1024\/683;\" \/>            <\/div>\r\n        <\/div>\r\n    <\/section>\r\n\n\n    <section class=\"slider-media fancy-gallery || section  overflow-hidden\">\r\n        \r\n<span class=\"absolute top-0 left-0\" ><\/span>        <div class=\"wrapper\">\r\n                <div class=\"intro-centered || mb-12 || lg:grid-col lg:mb-16\">\r\n        <div class=\"text-center || lg:col-span-8 lg:col-start-3 xl:col-span-6 xl:col-start-4\">\r\n            <h2 class=\"text-h2 [.page-template-template-careers_section:not(.section-dark)_&#038;]:text-secondary\">Habillez-vous pour Merch Day<\/h2>\r\n            <div class=\"wysiwyg-container || mt-6 lg:mt-8\">\r\n    <p>N&rsquo;oubliez pas d&rsquo;afficher votre style St. Lo pendant notre <em>Merch Day<\/em>, le premier jeudi de chaque mois.<\/p>\n<\/div>                    <\/div>\r\n    <\/div>\r\n\r\n            <div class=\"swiper-media swiper-container || !cursor-grab w-full\">\r\n                <div class=\"swiper-wrapper || w-full\">\r\n                    <div class=\"swiper-slide || !h-full overflow-hidden sm:!w-fit sm:h-full\">\r\n    <a data-fancybox=\"fancy-gallery\" href=\"https:\/\/slc.qc.ca\/wp-content\/uploads\/2025\/08\/6H2A4750-1-scaled.jpg\" class=\"group block !h-full\">\r\n        <img decoding=\"async\" width=\"1024\" height=\"683\" data-src=\"https:\/\/slc.qc.ca\/wp-content\/uploads\/2025\/08\/6H2A4750-1-1024x683.jpg\" class=\"object-cover w-full rounded-corners sm:h-[20.5rem] lg:h-[25rem] 2xl:h-[31.25rem] lazyload\" alt=\"6H2A4750\" data-srcset=\"https:\/\/slc.qc.ca\/wp-content\/uploads\/2025\/08\/6H2A4750-1-1024x683.jpg 1024w, https:\/\/slc.qc.ca\/wp-content\/uploads\/2025\/08\/6H2A4750-1-1536x1024.jpg 1536w, https:\/\/slc.qc.ca\/wp-content\/uploads\/2025\/08\/6H2A4750-1-2048x1365.jpg 2048w, https:\/\/slc.qc.ca\/wp-content\/uploads\/2025\/08\/6H2A4750-1-1920x1280.jpg 1920w, https:\/\/slc.qc.ca\/wp-content\/uploads\/2025\/08\/6H2A4750-1-1400x933.jpg 1400w, https:\/\/slc.qc.ca\/wp-content\/uploads\/2025\/08\/6H2A4750-1-640x427.jpg 640w, https:\/\/slc.qc.ca\/wp-content\/uploads\/2025\/08\/6H2A4750-1-480x320.jpg 480w, https:\/\/slc.qc.ca\/wp-content\/uploads\/2025\/08\/6H2A4750-1-350x233.jpg 350w, https:\/\/slc.qc.ca\/wp-content\/uploads\/2025\/08\/6H2A4750-1-150x100.jpg 150w\" data-sizes=\"(max-width: 1024px) 100vw, 1024px\" src=\"data:image\/svg+xml;base64,PHN2ZyB3aWR0aD0iMSIgaGVpZ2h0PSIxIiB4bWxucz0iaHR0cDovL3d3dy53My5vcmcvMjAwMC9zdmciPjwvc3ZnPg==\" style=\"--smush-placeholder-width: 1024px; --smush-placeholder-aspect-ratio: 1024\/683;\" \/>            <\/a>\r\n<\/div><div class=\"swiper-slide || !h-full overflow-hidden sm:!w-fit sm:h-full\">\r\n    <a data-fancybox=\"fancy-gallery\" href=\"https:\/\/slc.qc.ca\/wp-content\/uploads\/2025\/08\/Merch-Day-07-09-23-1-scaled-e1754875082971.jpg\" class=\"group block !h-full\">\r\n        <img decoding=\"async\" width=\"1024\" height=\"1142\" data-src=\"https:\/\/slc.qc.ca\/wp-content\/uploads\/2025\/08\/Merch-Day-07-09-23-1-scaled-e1754875082971-1024x1142.jpg\" class=\"object-cover w-full rounded-corners sm:h-[20.5rem] lg:h-[25rem] 2xl:h-[31.25rem] lazyload\" alt=\"Merch Day 07-09-23 (1)\" data-srcset=\"https:\/\/slc.qc.ca\/wp-content\/uploads\/2025\/08\/Merch-Day-07-09-23-1-scaled-e1754875082971-1024x1142.jpg 1024w, https:\/\/slc.qc.ca\/wp-content\/uploads\/2025\/08\/Merch-Day-07-09-23-1-scaled-e1754875082971-1378x1536.jpg 1378w, https:\/\/slc.qc.ca\/wp-content\/uploads\/2025\/08\/Merch-Day-07-09-23-1-scaled-e1754875082971-1400x1561.jpg 1400w, https:\/\/slc.qc.ca\/wp-content\/uploads\/2025\/08\/Merch-Day-07-09-23-1-scaled-e1754875082971-640x713.jpg 640w, https:\/\/slc.qc.ca\/wp-content\/uploads\/2025\/08\/Merch-Day-07-09-23-1-scaled-e1754875082971-480x535.jpg 480w, https:\/\/slc.qc.ca\/wp-content\/uploads\/2025\/08\/Merch-Day-07-09-23-1-scaled-e1754875082971-350x390.jpg 350w, https:\/\/slc.qc.ca\/wp-content\/uploads\/2025\/08\/Merch-Day-07-09-23-1-scaled-e1754875082971-150x167.jpg 150w, https:\/\/slc.qc.ca\/wp-content\/uploads\/2025\/08\/Merch-Day-07-09-23-1-scaled-e1754875082971.jpg 1707w\" data-sizes=\"(max-width: 1024px) 100vw, 1024px\" src=\"data:image\/svg+xml;base64,PHN2ZyB3aWR0aD0iMSIgaGVpZ2h0PSIxIiB4bWxucz0iaHR0cDovL3d3dy53My5vcmcvMjAwMC9zdmciPjwvc3ZnPg==\" style=\"--smush-placeholder-width: 1024px; --smush-placeholder-aspect-ratio: 1024\/1142;\" \/>            <\/a>\r\n<\/div><div class=\"swiper-slide || !h-full overflow-hidden sm:!w-fit sm:h-full\">\r\n    <a data-fancybox=\"fancy-gallery\" href=\"https:\/\/slc.qc.ca\/wp-content\/uploads\/2025\/08\/Charles-in-College-Merch-scaled-e1754874992411.jpg\" class=\"group block !h-full\">\r\n        <img decoding=\"async\" width=\"1024\" height=\"799\" data-src=\"https:\/\/slc.qc.ca\/wp-content\/uploads\/2025\/08\/Charles-in-College-Merch-scaled-e1754874992411-1024x799.jpg\" class=\"object-cover w-full rounded-corners sm:h-[20.5rem] lg:h-[25rem] 2xl:h-[31.25rem] lazyload\" alt=\"Charles in College Merch\" data-srcset=\"https:\/\/slc.qc.ca\/wp-content\/uploads\/2025\/08\/Charles-in-College-Merch-scaled-e1754874992411-1024x799.jpg 1024w, https:\/\/slc.qc.ca\/wp-content\/uploads\/2025\/08\/Charles-in-College-Merch-scaled-e1754874992411-1536x1198.jpg 1536w, https:\/\/slc.qc.ca\/wp-content\/uploads\/2025\/08\/Charles-in-College-Merch-scaled-e1754874992411-1400x1092.jpg 1400w, https:\/\/slc.qc.ca\/wp-content\/uploads\/2025\/08\/Charles-in-College-Merch-scaled-e1754874992411-640x499.jpg 640w, https:\/\/slc.qc.ca\/wp-content\/uploads\/2025\/08\/Charles-in-College-Merch-scaled-e1754874992411-480x375.jpg 480w, https:\/\/slc.qc.ca\/wp-content\/uploads\/2025\/08\/Charles-in-College-Merch-scaled-e1754874992411-350x273.jpg 350w, https:\/\/slc.qc.ca\/wp-content\/uploads\/2025\/08\/Charles-in-College-Merch-scaled-e1754874992411-150x117.jpg 150w, https:\/\/slc.qc.ca\/wp-content\/uploads\/2025\/08\/Charles-in-College-Merch-scaled-e1754874992411.jpg 1920w\" data-sizes=\"(max-width: 1024px) 100vw, 1024px\" src=\"data:image\/svg+xml;base64,PHN2ZyB3aWR0aD0iMSIgaGVpZ2h0PSIxIiB4bWxucz0iaHR0cDovL3d3dy53My5vcmcvMjAwMC9zdmciPjwvc3ZnPg==\" style=\"--smush-placeholder-width: 1024px; --smush-placeholder-aspect-ratio: 1024\/799;\" \/>            <\/a>\r\n<\/div>                <\/div>\r\n            <\/div>\r\n            <div class=\"mt-8 flex justify-center\">\r\n                <div class=\"relative flex items-center gap-2\">\r\n    <div class=\"btn-slider button-prev || rotate-180 custom-transition relative isolate flex h-12 w-12 items-center justify-center overflow-hidden rounded-full cursor-pointer bg-secondary hover:bg-accent [.page-template-template-bloom_&#038;]:bg-lightBloom [.page-template-template-bloom_&#038;_svg_path]:fill-accentBloom || lg:[&#038;_svg]:scale-[1.3] lg:h-16 lg:w-16\">\r\n        <svg width=\"16\" height=\"14\" viewBox=\"0 0 16 14\" fill=\"none\" xmlns=\"http:\/\/www.w3.org\/2000\/svg\">\r\n<path d=\"M12.0459 7.91268C11.9116 7.90905 11.8349 7.9054 11.7582 7.90501C8.29243 7.90505 4.82668 7.9051 1.36092 7.90677C0.998963 7.90682 0.69789 7.79405 0.514115 7.46418C0.33602 7.14404 0.342555 6.81779 0.531688 6.50532C0.711487 6.20786 0.995142 6.0938 1.33194 6.09375C2.01202 6.09285 2.69211 6.09276 3.3726 6.09308C6.16517 6.09272 8.95774 6.09235 11.7503 6.09442C11.8278 6.09482 11.9053 6.11713 11.9828 6.12888C11.9926 6.10373 12.0023 6.07857 12.012 6.05341C11.9552 5.9966 11.8988 5.94021 11.842 5.88341C10.5206 4.56196 9.19834 3.24132 7.87932 1.91743C7.76896 1.80708 7.66226 1.68495 7.58761 1.54943C7.38518 1.18304 7.50048 0.732609 7.84827 0.454605C8.22284 0.155497 8.65175 0.154224 9.00433 0.454049C9.0587 0.500301 9.1082 0.552234 9.15891 0.60295C11.0626 2.50662 12.9662 4.41028 14.8699 6.31395C15.3097 6.75376 15.3105 7.24556 14.8722 7.68386C12.953 9.60304 11.0346 11.523 9.11504 13.441C8.62804 13.928 8.01938 13.8704 7.63924 13.3077C7.43842 13.0103 7.43522 12.6564 7.64058 12.3626C7.71363 12.2579 7.80089 12.1609 7.89179 12.07C9.20709 10.7523 10.524 9.43617 11.8405 8.11966C11.8957 8.06446 11.9509 8.00927 12.0467 7.91349L12.0459 7.91268Z\" fill=\"white\"\/>\r\n<\/svg>\r\n    <\/div>\r\n    <div class=\"btn-slider button-next custom-transition relative isolate flex h-12 w-12 items-center justify-center overflow-hidden rounded-full cursor-pointer bg-secondary hover:bg-accent [.page-template-template-bloom_&#038;]:bg-lightBloom [.page-template-template-bloom_&#038;_svg_path]:fill-accentBloom || lg:[&#038;_svg]:scale-[1.3] lg:h-16 lg:w-16\">\r\n        <svg width=\"16\" height=\"14\" viewBox=\"0 0 16 14\" fill=\"none\" xmlns=\"http:\/\/www.w3.org\/2000\/svg\">\r\n<path d=\"M12.0459 7.91268C11.9116 7.90905 11.8349 7.9054 11.7582 7.90501C8.29243 7.90505 4.82668 7.9051 1.36092 7.90677C0.998963 7.90682 0.69789 7.79405 0.514115 7.46418C0.33602 7.14404 0.342555 6.81779 0.531688 6.50532C0.711487 6.20786 0.995142 6.0938 1.33194 6.09375C2.01202 6.09285 2.69211 6.09276 3.3726 6.09308C6.16517 6.09272 8.95774 6.09235 11.7503 6.09442C11.8278 6.09482 11.9053 6.11713 11.9828 6.12888C11.9926 6.10373 12.0023 6.07857 12.012 6.05341C11.9552 5.9966 11.8988 5.94021 11.842 5.88341C10.5206 4.56196 9.19834 3.24132 7.87932 1.91743C7.76896 1.80708 7.66226 1.68495 7.58761 1.54943C7.38518 1.18304 7.50048 0.732609 7.84827 0.454605C8.22284 0.155497 8.65175 0.154224 9.00433 0.454049C9.0587 0.500301 9.1082 0.552234 9.15891 0.60295C11.0626 2.50662 12.9662 4.41028 14.8699 6.31395C15.3097 6.75376 15.3105 7.24556 14.8722 7.68386C12.953 9.60304 11.0346 11.523 9.11504 13.441C8.62804 13.928 8.01938 13.8704 7.63924 13.3077C7.43842 13.0103 7.43522 12.6564 7.64058 12.3626C7.71363 12.2579 7.80089 12.1609 7.89179 12.07C9.20709 10.7523 10.524 9.43617 11.8405 8.11966C11.8957 8.06446 11.9509 8.00927 12.0467 7.91349L12.0459 7.91268Z\" fill=\"white\"\/>\r\n<\/svg>\r\n    <\/div>\r\n<\/div>            <\/div>\r\n        <\/div>\r\n    <\/section>\r\n\n\n    <section class=\"cta-banner || section different-background || relative !py-0 overflow-hidden bg-secondary text-light\">\r\n        \r\n<span class=\"absolute top-0 left-0\" ><\/span>                <div class=\"wrapper || [position:initial] || md:grid-col md:items-center md:min-h-[25rem] lg:min-h-[34.375rem] xl:min-h-[43.75rem]\">\r\n            <div class=\"md:col-span-5 lg:col-span-6 \">\r\n                <div class=\"absolute left-0 top-0 w-1\/2 h-full flex items-center z-20 || md:w-[36.5%]\">\r\n                                            <span class=\"custom-transition [&#038;_svg]:w-full\">\r\n                            <svg width=\"729\" height=\"550\" viewBox=\"0 0 729 550\" fill=\"none\" opacity=\"0.15\" xmlns=\"http:\/\/www.w3.org\/2000\/svg\">\r\n<g clip-path=\"url(#clip0_3262_6905)\">\r\n<path d=\"M578.374 173.956C563.805 179.42 550.146 187.452 538.113 197.632C527.738 206.542 518.437 215.843 509.527 224.949C497.689 236.625 487.835 246.251 476.745 254.479C451.248 273.601 423.378 283.813 392.385 283.813H347.766V318.611H394.206C432.484 318.611 466.176 305.862 497.494 282.545C510.437 272.886 521.722 261.764 534.113 249.568C542.666 241.015 551.414 232.072 560.715 224.234C574.927 212.201 591.675 204.363 609.529 201.111L578.374 173.956Z\" fill=\"#202945\"\/>\r\n<path d=\"M389.782 63.9372C400.709 55.5467 408.742 46.083 418.563 35.8713L392.318 13.1064C383.928 21.8547 377.749 29.3346 369.001 35.8713C362.074 40.9772 354.984 43.5138 347.699 47.3514V85.9866C362.269 80.1653 376.285 73.9538 389.782 63.9372Z\" fill=\"#202945\"\/>\r\n<path d=\"M426.595 133.89C439.18 123.873 450.27 112.589 462.498 100.198C467.051 95.4498 470.498 91.8075 478.173 87.2545L451.408 64.1318C446.14 66.6685 441.554 71.7743 437.392 76.1647C425.716 88.0025 416.253 97.8564 405.131 106.214C383.439 123.353 370.886 129.337 347.73 130.996V165.793C380.349 164.167 398.203 155.939 426.627 133.923L426.595 133.89Z\" fill=\"#202945\"\/>\r\n<path d=\"M567.803 374.19L554.859 382.938L539.379 394.418L636.845 514.487L611.153 514.682L548.843 461.477L464.84 389.702L461.003 386.418C488.32 380.954 514.207 369.669 537.883 351.978C552.095 341.213 564.29 329.018 576.128 317.18C584.876 308.627 593.072 300.432 601.82 292.952C618.048 279.293 645.561 267.975 666.505 267.975H686.733L651.577 237.73C625.528 239.194 599.641 249.21 579.413 266.349C569.591 274.74 560.453 283.846 551.705 292.594C540.062 304.074 529.297 314.806 516.907 324.107C487.573 345.961 456.059 356.173 419.993 355.458H128.115L50.8767 440.371H-34.3941L-80.3142 514.519H-116.38L-53.5167 407.589C-28.5728 405.215 -5.41768 394.093 10.2576 376.792C20.4693 365.864 41.2178 331.782 49.4132 283.52H14.0626C9.6722 305.017 1.31422 335.457 -15.2716 353.311C-26.9143 366.059 -44.6058 373.344 -63.7283 373.344H-73.5823L-177 549.284H-60.9315L-15.0115 475.136H64.6006L141.839 390.223H411.473L596.942 548.374L598.405 549.642L709.53 549.089L580.714 389.67L567.77 374.19H567.803Z\" fill=\"#202945\"\/>\r\n<path d=\"M422.952 443.981L363.373 515.203H342.071L388.707 436.501L394.886 424.858H354.982L283.565 548.017L282.492 550H381.422L450.27 467.299L424.057 444.696L422.952 443.981Z\" fill=\"#202945\"\/>\r\n<path d=\"M171.337 424.857H156.052L140.734 441.801L140.181 442.321L187.923 514.486H159.694L116.864 469.672L116.148 468.924L92.993 494.453L92.4727 494.973L142.913 548.178L144.214 549.642H253.518L177.906 435.232L171.337 424.857Z\" fill=\"#202945\"\/>\r\n<path d=\"M562.209 55.9036V78.2782L591.901 101.043V55.9036H698.408V96.165L681.659 93.7909H655.805C643.414 93.7909 632.487 98.7016 624.292 106.734C616.259 114.735 611.348 126.052 611.348 138.247C611.348 162.834 631.219 182.704 655.805 182.704H698.798V211.258L728.327 237.665V153.565H655.447C647.252 153.565 640.682 146.996 640.682 138.8C640.682 130.605 647.252 124.036 655.447 124.036H676.586L698.44 127.873L728.49 132.979V27.48H507.508L478.141 0.162109H431.863L494.532 55.9036H562.176H562.209Z\" fill=\"#202945\"\/>\r\n<path d=\"M540.094 141.012C532.81 144.655 526.436 148.85 520.094 154.314C510.955 162.119 501.134 170.509 492.548 178.9C480.385 191.323 472.353 201.307 458.694 212.071C428.807 235.552 390.529 242.316 353.39 242.869H347.731L259.468 243.064H-94.656C-132.771 243.064 -165.13 211.876 -164.414 173.794C-163.699 136.85 -133.389 107.125 -96.5097 107.125H168.344C186.003 107.125 200.605 92.7182 200.605 74.8965C200.605 50.6682 186.003 36.2612 168.344 36.2612H4.40385L-37.4836 0H168.376C206.361 0 237.094 32.6839 236.313 76.4901C235.663 113.434 204.995 142.801 168.051 142.801H-96.5097C-114.169 142.801 -128.576 157.208 -128.576 175.062C-128.576 185.762 -123.307 195.225 -115.274 201.079C-109.843 205.014 -103.112 206.803 -96.3796 206.803H351.178C383.407 207.518 411.668 200.591 437.717 181.079C448.84 172.883 457.783 163.224 469.035 151.744C478.174 142.801 486.499 133.923 498.174 124.622C502.923 120.752 506.207 118.573 510.728 115.678L540.062 141.012H540.094Z\" fill=\"#202945\"\/>\r\n<\/g>\r\n<defs>\r\n<clipPath id=\"clip0_3262_6905\">\r\n<rect width=\"905.49\" height=\"550\" fill=\"white\" transform=\"translate(-177)\"\/>\r\n<\/clipPath>\r\n<\/defs>\r\n<\/svg>\r\n                        <\/span>\r\n                                    <\/div>\r\n            <\/div>\r\n            <div class=\"relative z-30 py-20 || md:col-span-7 md:col-start-6 lg:col-span-6 lg:col-start-7\">\r\n                <h2 class=\"text-h2\">Pr\u00eat \u00e0 poursuivre vos \u00e9tudes \u00e0 St. Lawrence ?<\/h2>\r\n                                    <a href=\"https:\/\/slc.qc.ca\/fr\/admission\/\" class=\"mt-6 lg:mt-8 white btn-primary\"  target=\"\" rel=\"noopener\" >\r\n        Faites une demande d&rsquo;admission    <\/a>\r\n            <\/div>\r\n        <\/div>\r\n        <div class=\"relative z-20 || md:hidden\">\r\n                    <\/div>\r\n    <\/section>\r\n","protected":false},"excerpt":{"rendered":"","protected":false},"author":1,"featured_media":1870,"parent":0,"menu_order":0,"comment_status":"closed","ping_status":"closed","template":"","meta":{"_acf_changed":true,"footnotes":""},"class_list":["post-2131","page","type-page","status-publish","has-post-thumbnail","hentry"],"acf":[],"_links":{"self":[{"href":"https:\/\/slc.qc.ca\/fr\/wp-json\/wp\/v2\/pages\/2131","targetHints":{"allow":["GET"]}}],"collection":[{"href":"https:\/\/slc.qc.ca\/fr\/wp-json\/wp\/v2\/pages"}],"about":[{"href":"https:\/\/slc.qc.ca\/fr\/wp-json\/wp\/v2\/types\/page"}],"author":[{"embeddable":true,"href":"https:\/\/slc.qc.ca\/fr\/wp-json\/wp\/v2\/users\/1"}],"replies":[{"embeddable":true,"href":"https:\/\/slc.qc.ca\/fr\/wp-json\/wp\/v2\/comments?post=2131"}],"version-history":[{"count":0,"href":"https:\/\/slc.qc.ca\/fr\/wp-json\/wp\/v2\/pages\/2131\/revisions"}],"wp:featuredmedia":[{"embeddable":true,"href":"https:\/\/slc.qc.ca\/fr\/wp-json\/wp\/v2\/media\/1870"}],"wp:attachment":[{"href":"https:\/\/slc.qc.ca\/fr\/wp-json\/wp\/v2\/media?parent=2131"}],"curies":[{"name":"wp","href":"https:\/\/api.w.org\/{rel}","templated":true}]}}